{"id":1025,"date":"2019-10-07T15:59:36","date_gmt":"2019-10-07T13:59:36","guid":{"rendered":"https:\/\/toleranciacero.org.es\/web\/?page_id=1025"},"modified":"2019-10-07T16:01:18","modified_gmt":"2019-10-07T14:01:18","slug":"hablando-de-adopcion-con-iratxe-serrano","status":"publish","type":"page","link":"https:\/\/toleranciacero.org.es\/web\/hablando-de-adopcion-con-iratxe-serrano\/","title":{"rendered":"HABLANDO DE ADOPCI\u00d3N CON IRATXE SERRANO"},"content":{"rendered":"<p><img loading=\"lazy\" decoding=\"async\" class=\"alignnone size-full wp-image-1026 aligncenter\" src=\"https:\/\/toleranciacero.org.es\/web\/wp-content\/uploads\/2019\/10\/Captura-de-pantalla-2019-10-07-a-las-11.16.50.png\" alt=\"\" width=\"189\" height=\"126\" \/><\/p>\n<p>&nbsp;<\/p>\n<p>Iratxe ha sido Presidenta de la Voz de los Adoptados durante 7 a\u00f1os y recientemente ha sido nombrada Directora General de Protecci\u00f3n a la Infancia y Familia del Gobierno de Canarias.<br \/>\nAdoptada a las pocas horas de nacer, hablamos con ella de lo que significa el trauma del abandono, de c\u00f3mo hacer la b\u00fasqueda de or\u00edgenes de una manera adecuada, de c\u00f3mo gestionar emociones como el miedo, la inseguridad o la baja autoestima y de otras muchas cosas m\u00e1s. Todo desde su propia experiencia como persona adoptada y desde su experiencia como Educadora Social que ha trabajado durante muchos a\u00f1os dentro del mundo de la adopci\u00f3n y el acogimiento. Sin duda, ambas experiencias van a enriquecer su labor como Directora General de un departamento que trabaja en la protecci\u00f3n de la infancia y la familia.<\/p>\n<p>Pod\u00e9is escuchar la entrevista en el\u00a0<a href=\"https:\/\/www.ivoox.com\/hablando-adopcion-iratxe-serrano-audios-mp3_rf_42741465_1.html?autoplay=true\">canal de Ivoox <\/a>de Tolerancia Cero.<\/p>\n","protected":false},"excerpt":{"rendered":"<p>&nbsp; Iratxe ha sido Presidenta de la Voz de los Adoptados durante 7 a\u00f1os y recientemente ha sido nombrada Directora General de Protecci\u00f3n a la Infancia y Familia del Gobierno de Canarias. Adoptada a las pocas horas de nacer, hablamos con ella de lo que significa el trauma del abandono, de c\u00f3mo hacer la b\u00fasqueda [&hellip;]<\/p>\n","protected":false},"author":2,"featured_media":0,"parent":0,"menu_order":0,"comment_status":"closed","ping_status":"closed","template":"","meta":{"jetpack_post_was_ever_published":false,"footnotes":""},"class_list":["post-1025","page","type-page","status-publish","hentry"],"jetpack_sharing_enabled":true,"jetpack_shortlink":"https:\/\/wp.me\/P9arT9-gx","jetpack-related-posts":[{"id":398,"url":"https:\/\/toleranciacero.org.es\/web\/la-resiliencia-y-los-efectos-reparatorios-de-la-adopcion\/","url_meta":{"origin":1025,"position":0},"title":"La Resiliencia y los Efectos Reparatorios de la Adopci\u00f3n","author":"Tolerancia Cero","date":"08\/09\/2017","format":false,"excerpt":"El t\u00e9rmino resiliencia se usa en ingenier\u00eda para hacer referencia a la capacidad de un material para adquirir su forma inicial despu\u00e9s de someterse a una presi\u00f3n que lo deforme. Al hablar de la resiliencia del ser humano, nos referimos a la capacidad de resistencia frente al sufrimiento que tiene\u2026","rel":"","context":"Entrada similar","block_context":{"text":"Entrada similar","link":""},"img":{"alt_text":"","src":"https:\/\/i0.wp.com\/toleranciacero.org.es\/web\/wp-content\/uploads\/2017\/08\/734.jpg?resize=350%2C200&ssl=1","width":350,"height":200,"srcset":"https:\/\/i0.wp.com\/toleranciacero.org.es\/web\/wp-content\/uploads\/2017\/08\/734.jpg?resize=350%2C200&ssl=1 1x, https:\/\/i0.wp.com\/toleranciacero.org.es\/web\/wp-content\/uploads\/2017\/08\/734.jpg?resize=525%2C300&ssl=1 1.5x, https:\/\/i0.wp.com\/toleranciacero.org.es\/web\/wp-content\/uploads\/2017\/08\/734.jpg?resize=700%2C400&ssl=1 2x"},"classes":[]},{"id":1135,"url":"https:\/\/toleranciacero.org.es\/web\/la-ventana\/","url_meta":{"origin":1025,"position":1},"title":"LA VENTANA","author":"Tolerancia cero","date":"19\/01\/2020","format":false,"excerpt":"LA VENTANA es la primera plataforma online en espa\u00f1ol que ofrece formaci\u00f3n, recursos pr\u00e1cticos, acompa\u00f1amiento permanente y apoyo emocional a familias adoptivas, \u00a0acogedoras y colaboradoras as\u00ed como a familias biol\u00f3gicas que quieran mejorar sus habilidades parentales y marentales. \u00bfPor qu\u00e9 LA VENTANA? La ventana es un espacios que nos abre\u2026","rel":"","context":"Entrada similar","block_context":{"text":"Entrada similar","link":""},"img":{"alt_text":"","src":"https:\/\/i0.wp.com\/toleranciacero.org.es\/web\/wp-content\/uploads\/2020\/01\/Captura-de-pantalla-2020-01-19-a-las-08.26.04.png?resize=350%2C200&ssl=1","width":350,"height":200},"classes":[]},{"id":17,"url":"https:\/\/toleranciacero.org.es\/web\/acerca-de\/","url_meta":{"origin":1025,"position":2},"title":"Qui\u00e9nes somos","author":"Tolerancia Cero","date":"27\/07\/2017","format":false,"excerpt":"MISI\u00d3N Conseguir diagn\u00f3sticos adecuados y los recursos necesarios para ayudar a los ni\u00f1os, adolescentes y j\u00f3venes cuyas madres consumieron alcohol drogas o tabaco durante el embarazo o\/y sufrieron desnutrici\u00f3n pre y postnatal, abusos, malos tratos, negligencia, etc. puesto que estas experiencias primeras afectan su vida presente y futura, tanto a\u2026","rel":"","context":"Entrada similar","block_context":{"text":"Entrada similar","link":""},"img":{"alt_text":"","src":"https:\/\/i0.wp.com\/toleranciacero.org.es\/web\/wp-content\/uploads\/2017\/07\/UIH.jpg?resize=350%2C200&ssl=1","width":350,"height":200,"srcset":"https:\/\/i0.wp.com\/toleranciacero.org.es\/web\/wp-content\/uploads\/2017\/07\/UIH.jpg?resize=350%2C200&ssl=1 1x, https:\/\/i0.wp.com\/toleranciacero.org.es\/web\/wp-content\/uploads\/2017\/07\/UIH.jpg?resize=525%2C300&ssl=1 1.5x, https:\/\/i0.wp.com\/toleranciacero.org.es\/web\/wp-content\/uploads\/2017\/07\/UIH.jpg?resize=700%2C400&ssl=1 2x"},"classes":[]},{"id":379,"url":"https:\/\/toleranciacero.org.es\/web\/trastornos-de-apego\/","url_meta":{"origin":1025,"position":3},"title":"El Trastorno Reactivo de Vinculaci\u00f3n","author":"Tolerancia Cero","date":"08\/09\/2017","format":false,"excerpt":"El primero en desarrollar una teor\u00eda del apego fue John Bowlby . Seg\u00fan esta teor\u00eda, los ni\u00f1os est\u00e1n desde el principio emocionalmente apegados a sus cuidadores, primordialmente la madre, y emocionalmente angustiados cuando son separados de ellos. Seg\u00fan Bowlby, esta conducta est\u00e1 regulada por el sistema nervioso central y est\u00e1\u2026","rel":"","context":"Entrada similar","block_context":{"text":"Entrada similar","link":""},"img":{"alt_text":"","src":"https:\/\/i0.wp.com\/toleranciacero.org.es\/web\/wp-content\/uploads\/2017\/08\/stockvault-child-by-the-road126328.jpg?resize=350%2C200&ssl=1","width":350,"height":200,"srcset":"https:\/\/i0.wp.com\/toleranciacero.org.es\/web\/wp-content\/uploads\/2017\/08\/stockvault-child-by-the-road126328.jpg?resize=350%2C200&ssl=1 1x, https:\/\/i0.wp.com\/toleranciacero.org.es\/web\/wp-content\/uploads\/2017\/08\/stockvault-child-by-the-road126328.jpg?resize=525%2C300&ssl=1 1.5x, https:\/\/i0.wp.com\/toleranciacero.org.es\/web\/wp-content\/uploads\/2017\/08\/stockvault-child-by-the-road126328.jpg?resize=700%2C400&ssl=1 2x"},"classes":[]},{"id":376,"url":"https:\/\/toleranciacero.org.es\/web\/nutricion-y-desarrollo-cognitivo\/","url_meta":{"origin":1025,"position":4},"title":"NUTRICI\u00d3N Y DESARROLLO COGNITIVO","author":"Tolerancia Cero","date":"08\/09\/2017","format":false,"excerpt":"La gen\u00e9tica, un ambiente estimulante y una nutrici\u00f3n adecuada son factores fundamentales para el desarrollo cognitivo. El efecto de una buena nutrici\u00f3n en el desarrollo del cerebro comienza antes de nacer, con la nutrici\u00f3n de la madre. La desnutrici\u00f3n y los efectos negativos en el cerebro durante el embarazo y\u2026","rel":"","context":"Entrada similar","block_context":{"text":"Entrada similar","link":""},"img":{"alt_text":"","src":"https:\/\/i0.wp.com\/toleranciacero.org.es\/web\/wp-content\/uploads\/2017\/08\/preview16.jpg?resize=350%2C200&ssl=1","width":350,"height":200,"srcset":"https:\/\/i0.wp.com\/toleranciacero.org.es\/web\/wp-content\/uploads\/2017\/08\/preview16.jpg?resize=350%2C200&ssl=1 1x, https:\/\/i0.wp.com\/toleranciacero.org.es\/web\/wp-content\/uploads\/2017\/08\/preview16.jpg?resize=525%2C300&ssl=1 1.5x, https:\/\/i0.wp.com\/toleranciacero.org.es\/web\/wp-content\/uploads\/2017\/08\/preview16.jpg?resize=700%2C400&ssl=1 2x"},"classes":[]},{"id":94,"url":"https:\/\/toleranciacero.org.es\/web\/servicios\/","url_meta":{"origin":1025,"position":5},"title":"Servicios","author":"Tolerancia Cero","date":"08\/08\/2017","format":false,"excerpt":"GRUPO VIRTUAL DE APOYO EMOCIONAL Las caracter\u00edsticas espec\u00edficas del SAF,TEAF, TA, etc., unido al car\u00e1cter cr\u00f3nico y discapacitante de un elevado porcentaje de los mismos, hace que el apoyo emocional sea fundamental para las familias. Se trata de un espacio de intercambio de experiencias y conocimientos donde las familias pueden\u2026","rel":"","context":"Entrada similar","block_context":{"text":"Entrada similar","link":""},"img":{"alt_text":"","src":"https:\/\/i0.wp.com\/toleranciacero.org.es\/web\/wp-content\/uploads\/2017\/08\/OGOWOR0.jpg?resize=350%2C200&ssl=1","width":350,"height":200,"srcset":"https:\/\/i0.wp.com\/toleranciacero.org.es\/web\/wp-content\/uploads\/2017\/08\/OGOWOR0.jpg?resize=350%2C200&ssl=1 1x, https:\/\/i0.wp.com\/toleranciacero.org.es\/web\/wp-content\/uploads\/2017\/08\/OGOWOR0.jpg?resize=525%2C300&ssl=1 1.5x, https:\/\/i0.wp.com\/toleranciacero.org.es\/web\/wp-content\/uploads\/2017\/08\/OGOWOR0.jpg?resize=700%2C400&ssl=1 2x"},"classes":[]}],"jetpack_likes_enabled":true,"_links":{"self":[{"href":"https:\/\/toleranciacero.org.es\/web\/wp-json\/wp\/v2\/pages\/1025","targetHints":{"allow":["GET"]}}],"collection":[{"href":"https:\/\/toleranciacero.org.es\/web\/wp-json\/wp\/v2\/pages"}],"about":[{"href":"https:\/\/toleranciacero.org.es\/web\/wp-json\/wp\/v2\/types\/page"}],"author":[{"embeddable":true,"href":"https:\/\/toleranciacero.org.es\/web\/wp-json\/wp\/v2\/users\/2"}],"replies":[{"embeddable":true,"href":"https:\/\/toleranciacero.org.es\/web\/wp-json\/wp\/v2\/comments?post=1025"}],"version-history":[{"count":5,"href":"https:\/\/toleranciacero.org.es\/web\/wp-json\/wp\/v2\/pages\/1025\/revisions"}],"predecessor-version":[{"id":1031,"href":"https:\/\/toleranciacero.org.es\/web\/wp-json\/wp\/v2\/pages\/1025\/revisions\/1031"}],"wp:attachment":[{"href":"https:\/\/toleranciacero.org.es\/web\/wp-json\/wp\/v2\/media?parent=1025"}],"curies":[{"name":"wp","href":"https:\/\/api.w.org\/{rel}","templated":true}]}}