{"id":103,"date":"2017-08-08T12:26:26","date_gmt":"2017-08-08T10:26:26","guid":{"rendered":"https:\/\/toleranciacero.org.es\/web\/?page_id=103"},"modified":"2017-09-04T18:52:24","modified_gmt":"2017-09-04T16:52:24","slug":"hazte-socio","status":"publish","type":"page","link":"https:\/\/toleranciacero.org.es\/web\/hazte-socio\/","title":{"rendered":"\u00bfQu\u00e9 puedes hacer t\u00fa?"},"content":{"rendered":"<p>Tu colaboraci\u00f3n es muy valiosa en la prevenci\u00f3n, diagn\u00f3stico e intervenci\u00f3n en favor de menores, adolescentes y j\u00f3venes afectados por trastornos derivados del consumo de alcohol, drogas o tabaco durante su gestaci\u00f3n, o derivados de experiencias traum\u00e1ticas consecuencias del abandono, la negligencia o los malos tratos.<\/p>\n<p>&nbsp;<\/p>\n<h3><a href=\"https:\/\/toleranciacero.org.es\/web\/hazte-socioa\/\">HAZTE \u00a0SOCIO\/A<\/a><\/h3>\n<p><span class=\"field-content\">Elige una cuota peri\u00f3dica.<\/span><\/p>\n<p>&nbsp;<\/p>\n<h3><a href=\"https:\/\/toleranciacero.org.es\/web\/haz-tu-donativo\/\">HAZ UN DONATIVO<\/a><\/h3>\n<p>Colabora con una \u00fanica aportaci\u00f3n.<\/p>\n<p>&nbsp;<\/p>\n<h3><a href=\"https:\/\/toleranciacero.org.es\/web\/voluntariado\/\"><span style=\"color: #ff9900;\">VOLUNTARIADO<\/span><\/a><\/h3>\n<p>Colabora con alguna de tus habilidades o aficiones.<\/p>\n","protected":false},"excerpt":{"rendered":"<p>Tu colaboraci\u00f3n es muy valiosa en la prevenci\u00f3n, diagn\u00f3stico e intervenci\u00f3n en favor de menores, adolescentes y j\u00f3venes afectados por trastornos derivados del consumo de alcohol, drogas o tabaco durante su gestaci\u00f3n, o derivados de experiencias traum\u00e1ticas consecuencias del abandono, la negligencia o los malos tratos. &nbsp; HAZTE \u00a0SOCIO\/A Elige una cuota peri\u00f3dica. &nbsp; HAZ [&hellip;]<\/p>\n","protected":false},"author":1,"featured_media":115,"parent":0,"menu_order":0,"comment_status":"closed","ping_status":"closed","template":"","meta":{"jetpack_post_was_ever_published":false,"footnotes":""},"class_list":["post-103","page","type-page","status-publish","has-post-thumbnail","hentry"],"jetpack_sharing_enabled":true,"jetpack_shortlink":"https:\/\/wp.me\/P9arT9-1F","jetpack-related-posts":[{"id":194,"url":"https:\/\/toleranciacero.org.es\/web\/haz-tu-donativo\/","url_meta":{"origin":103,"position":0},"title":"Haz tu donativo","author":"Tolerancia Cero","date":"23\/08\/2017","format":false,"excerpt":"Tu colaboraci\u00f3n es muy valiosa, colabora con una \u00fanica aportaci\u00f3n para ayudar a ni\u00f1os, adolescentes y j\u00f3venes que han sufrido abandono, negligencia o malos tratos. Un mal inicio en la vida no determina que tengan que vivir una existencia infeliz. Convi\u00e9rtete en un tutor de resiliencia y ay\u00fadales a superar\u2026","rel":"","context":"Entrada similar","block_context":{"text":"Entrada similar","link":""},"img":{"alt_text":"","src":"https:\/\/i0.wp.com\/toleranciacero.org.es\/web\/wp-content\/uploads\/2017\/08\/959.jpg?resize=350%2C200&ssl=1","width":350,"height":200,"srcset":"https:\/\/i0.wp.com\/toleranciacero.org.es\/web\/wp-content\/uploads\/2017\/08\/959.jpg?resize=350%2C200&ssl=1 1x, https:\/\/i0.wp.com\/toleranciacero.org.es\/web\/wp-content\/uploads\/2017\/08\/959.jpg?resize=525%2C300&ssl=1 1.5x, https:\/\/i0.wp.com\/toleranciacero.org.es\/web\/wp-content\/uploads\/2017\/08\/959.jpg?resize=700%2C400&ssl=1 2x"},"classes":[]},{"id":301,"url":"https:\/\/toleranciacero.org.es\/web\/voluntariado\/","url_meta":{"origin":103,"position":1},"title":"Voluntariado","author":"Tolerancia Cero","date":"04\/09\/2017","format":false,"excerpt":"Colabora con alguna de tus habilidades o aficiones. Rellena el siguiente formulario y cu\u00e9ntanos c\u00f3mo te gustar\u00eda colaborar con Tolerancia Cero.","rel":"","context":"Entrada similar","block_context":{"text":"Entrada similar","link":""},"img":{"alt_text":"","src":"https:\/\/i0.wp.com\/toleranciacero.org.es\/web\/wp-content\/uploads\/2017\/09\/489.jpg?resize=350%2C200&ssl=1","width":350,"height":200,"srcset":"https:\/\/i0.wp.com\/toleranciacero.org.es\/web\/wp-content\/uploads\/2017\/09\/489.jpg?resize=350%2C200&ssl=1 1x, https:\/\/i0.wp.com\/toleranciacero.org.es\/web\/wp-content\/uploads\/2017\/09\/489.jpg?resize=525%2C300&ssl=1 1.5x, https:\/\/i0.wp.com\/toleranciacero.org.es\/web\/wp-content\/uploads\/2017\/09\/489.jpg?resize=700%2C400&ssl=1 2x"},"classes":[]},{"id":17,"url":"https:\/\/toleranciacero.org.es\/web\/acerca-de\/","url_meta":{"origin":103,"position":2},"title":"Qui\u00e9nes somos","author":"Tolerancia Cero","date":"27\/07\/2017","format":false,"excerpt":"MISI\u00d3N Conseguir diagn\u00f3sticos adecuados y los recursos necesarios para ayudar a los ni\u00f1os, adolescentes y j\u00f3venes cuyas madres consumieron alcohol drogas o tabaco durante el embarazo o\/y sufrieron desnutrici\u00f3n pre y postnatal, abusos, malos tratos, negligencia, etc. puesto que estas experiencias primeras afectan su vida presente y futura, tanto a\u2026","rel":"","context":"Entrada similar","block_context":{"text":"Entrada similar","link":""},"img":{"alt_text":"","src":"https:\/\/i0.wp.com\/toleranciacero.org.es\/web\/wp-content\/uploads\/2017\/07\/UIH.jpg?resize=350%2C200&ssl=1","width":350,"height":200,"srcset":"https:\/\/i0.wp.com\/toleranciacero.org.es\/web\/wp-content\/uploads\/2017\/07\/UIH.jpg?resize=350%2C200&ssl=1 1x, https:\/\/i0.wp.com\/toleranciacero.org.es\/web\/wp-content\/uploads\/2017\/07\/UIH.jpg?resize=525%2C300&ssl=1 1.5x, https:\/\/i0.wp.com\/toleranciacero.org.es\/web\/wp-content\/uploads\/2017\/07\/UIH.jpg?resize=700%2C400&ssl=1 2x"},"classes":[]},{"id":723,"url":"https:\/\/toleranciacero.org.es\/web\/cuentos-del-mundo-para-crecer\/","url_meta":{"origin":103,"position":3},"title":"CUENTOS DEL MUNDO PARA CRECER","author":"Tolerancia cero","date":"07\/06\/2018","format":false,"excerpt":"Los cuentos tradicionales encierran una gran sabidur\u00eda, tanto para los m\u00e1s peque\u00f1os como para los mayores. Comparto con vosotros algunos cuentos populares de distintos pa\u00edses del mundo que he recopilado. EL PINCEL M\u00c1GICO (China) Adaptaci\u00f3n: Marga Mu\u00f1iz Aguilar Hace much\u00edsimo tiempo, en un pueblo de China viv\u00eda un ni\u00f1o llamado\u2026","rel":"","context":"Entrada similar","block_context":{"text":"Entrada similar","link":""},"img":{"alt_text":"Captura de pantalla 2015-10-01 a la(s) 17.33.28","src":"https:\/\/i0.wp.com\/margamunizaguilar.com\/web\/wp-content\/uploads\/2015\/10\/Captura-de-pantalla-2015-10-01-a-las-17.33.28-300x207.png?resize=350%2C200","width":350,"height":200},"classes":[]},{"id":178,"url":"https:\/\/toleranciacero.org.es\/web\/hazte-socioa\/","url_meta":{"origin":103,"position":4},"title":"Hazte Socio\/a","author":"Tolerancia Cero","date":"23\/08\/2017","format":false,"excerpt":"Tu colaboraci\u00f3n es muy valiosa. Hazte socio\/a con una aportaci\u00f3n peri\u00f3dica para ayudar a ni\u00f1os, adolescentes y j\u00f3venes que han sufrido en el inicio de sus vidas. Un principio dif\u00edcil no determina una vida infeliz. \u00a0","rel":"","context":"Entrada similar","block_context":{"text":"Entrada similar","link":""},"img":{"alt_text":"","src":"https:\/\/i0.wp.com\/toleranciacero.org.es\/web\/wp-content\/uploads\/2017\/08\/1321.jpg?resize=350%2C200&ssl=1","width":350,"height":200,"srcset":"https:\/\/i0.wp.com\/toleranciacero.org.es\/web\/wp-content\/uploads\/2017\/08\/1321.jpg?resize=350%2C200&ssl=1 1x, https:\/\/i0.wp.com\/toleranciacero.org.es\/web\/wp-content\/uploads\/2017\/08\/1321.jpg?resize=525%2C300&ssl=1 1.5x, https:\/\/i0.wp.com\/toleranciacero.org.es\/web\/wp-content\/uploads\/2017\/08\/1321.jpg?resize=700%2C400&ssl=1 2x"},"classes":[]},{"id":94,"url":"https:\/\/toleranciacero.org.es\/web\/servicios\/","url_meta":{"origin":103,"position":5},"title":"Servicios","author":"Tolerancia Cero","date":"08\/08\/2017","format":false,"excerpt":"GRUPO VIRTUAL DE APOYO EMOCIONAL Las caracter\u00edsticas espec\u00edficas del SAF,TEAF, TA, etc., unido al car\u00e1cter cr\u00f3nico y discapacitante de un elevado porcentaje de los mismos, hace que el apoyo emocional sea fundamental para las familias. Se trata de un espacio de intercambio de experiencias y conocimientos donde las familias pueden\u2026","rel":"","context":"Entrada similar","block_context":{"text":"Entrada similar","link":""},"img":{"alt_text":"","src":"https:\/\/i0.wp.com\/toleranciacero.org.es\/web\/wp-content\/uploads\/2017\/08\/OGOWOR0.jpg?resize=350%2C200&ssl=1","width":350,"height":200,"srcset":"https:\/\/i0.wp.com\/toleranciacero.org.es\/web\/wp-content\/uploads\/2017\/08\/OGOWOR0.jpg?resize=350%2C200&ssl=1 1x, https:\/\/i0.wp.com\/toleranciacero.org.es\/web\/wp-content\/uploads\/2017\/08\/OGOWOR0.jpg?resize=525%2C300&ssl=1 1.5x, https:\/\/i0.wp.com\/toleranciacero.org.es\/web\/wp-content\/uploads\/2017\/08\/OGOWOR0.jpg?resize=700%2C400&ssl=1 2x"},"classes":[]}],"jetpack_likes_enabled":true,"_links":{"self":[{"href":"https:\/\/toleranciacero.org.es\/web\/wp-json\/wp\/v2\/pages\/103","targetHints":{"allow":["GET"]}}],"collection":[{"href":"https:\/\/toleranciacero.org.es\/web\/wp-json\/wp\/v2\/pages"}],"about":[{"href":"https:\/\/toleranciacero.org.es\/web\/wp-json\/wp\/v2\/types\/page"}],"author":[{"embeddable":true,"href":"https:\/\/toleranciacero.org.es\/web\/wp-json\/wp\/v2\/users\/1"}],"replies":[{"embeddable":true,"href":"https:\/\/toleranciacero.org.es\/web\/wp-json\/wp\/v2\/comments?post=103"}],"version-history":[{"count":11,"href":"https:\/\/toleranciacero.org.es\/web\/wp-json\/wp\/v2\/pages\/103\/revisions"}],"predecessor-version":[{"id":304,"href":"https:\/\/toleranciacero.org.es\/web\/wp-json\/wp\/v2\/pages\/103\/revisions\/304"}],"wp:featuredmedia":[{"embeddable":true,"href":"https:\/\/toleranciacero.org.es\/web\/wp-json\/wp\/v2\/media\/115"}],"wp:attachment":[{"href":"https:\/\/toleranciacero.org.es\/web\/wp-json\/wp\/v2\/media?parent=103"}],"curies":[{"name":"wp","href":"https:\/\/api.w.org\/{rel}","templated":true}]}}