{"id":16,"date":"2017-07-27T10:31:43","date_gmt":"2017-07-27T10:31:43","guid":{"rendered":"https:\/\/toleranciacero.org.es\/web\/?page_id=16"},"modified":"2017-09-07T12:00:36","modified_gmt":"2017-09-07T10:00:36","slug":"inicio","status":"publish","type":"page","link":"https:\/\/toleranciacero.org.es\/web\/inicio\/","title":{"rendered":"TOLERANCIA CERO"},"content":{"rendered":"<p style=\"font-size: 125%; text-align: left;\">Trabajamos para difundir la necesidad de conseguir Tolerancia Cero al maltrato antes de nacer y Tolerancia Cero a la discriminaci\u00f3n y el maltrato institucional que, a veces, sufren aquellos ni\u00f1os, adolescentes, j\u00f3venes y adultos, que vivieron dichas experiencias traum\u00e1ticas en sus primeros 1.000 d\u00edas de vida.<\/p>\n<p><img loading=\"lazy\" decoding=\"async\" class=\"alignnone wp-image-286 size-full\" src=\"https:\/\/toleranciacero.org.es\/web\/wp-content\/uploads\/2017\/07\/aaa.jpg\" alt=\"\" width=\"1200\" height=\"587\" srcset=\"https:\/\/toleranciacero.org.es\/web\/wp-content\/uploads\/2017\/07\/aaa.jpg 1200w, https:\/\/toleranciacero.org.es\/web\/wp-content\/uploads\/2017\/07\/aaa-300x147.jpg 300w, https:\/\/toleranciacero.org.es\/web\/wp-content\/uploads\/2017\/07\/aaa-768x376.jpg 768w, https:\/\/toleranciacero.org.es\/web\/wp-content\/uploads\/2017\/07\/aaa-1024x501.jpg 1024w\" sizes=\"auto, (max-width: 1200px) 100vw, 1200px\" \/><\/p>\n<p style=\"font-size: 125%;\">Nuestra misi\u00f3n es conseguir diagn\u00f3sticos adecuados y los recursos necesarios para ayudar a los ni\u00f1os, adolescentes y j\u00f3venes cuyas madres consumieron alcohol drogas o tabaco durante el embarazo o\/y sufrieron desnutrici\u00f3n pre y postnatal, abusos, malos tratos, negligencia, etc. puesto que estas experiencias primeras afectan su vida presente y futura, tanto a nivel educativo, como social, sanitario, judicial, etc.<\/p>\n<p>&nbsp;<\/p>\n<p style=\"font-size: 125%;\">Tambi\u00e9n es nuestra misi\u00f3n la prevenci\u00f3n del maltrato fetal en la vida intrauterina por consumo de terat\u00f3genos durante el embarazo (alcohol, drogas y tabaco).<\/p>\n<p>&nbsp;<\/p>\n<p style=\"font-size: 150%; text-align: center;\"><strong>NUESTROS VALORES<\/strong><\/p>\n<p>&nbsp;<\/p>\n<p><a href=\"https:\/\/toleranciacero.org.es\/web\/acerca-de\/\"><img loading=\"lazy\" decoding=\"async\" class=\"alignnone wp-image-338 size-full\" src=\"https:\/\/toleranciacero.org.es\/web\/wp-content\/uploads\/2017\/07\/a1.jpg\" alt=\"\" width=\"1920\" height=\"1168\" srcset=\"https:\/\/toleranciacero.org.es\/web\/wp-content\/uploads\/2017\/07\/a1.jpg 1920w, https:\/\/toleranciacero.org.es\/web\/wp-content\/uploads\/2017\/07\/a1-300x183.jpg 300w, https:\/\/toleranciacero.org.es\/web\/wp-content\/uploads\/2017\/07\/a1-768x467.jpg 768w, https:\/\/toleranciacero.org.es\/web\/wp-content\/uploads\/2017\/07\/a1-1024x623.jpg 1024w\" sizes=\"auto, (max-width: 1920px) 100vw, 1920px\" \/><\/a><\/p>\n","protected":false},"excerpt":{"rendered":"<p>Trabajamos para difundir la necesidad de conseguir Tolerancia Cero al maltrato antes de nacer y Tolerancia Cero a la discriminaci\u00f3n y el maltrato institucional que, a veces, sufren aquellos ni\u00f1os, adolescentes, j\u00f3venes y adultos, que vivieron dichas experiencias traum\u00e1ticas en sus primeros 1.000 d\u00edas de vida. Nuestra misi\u00f3n es conseguir diagn\u00f3sticos adecuados y los recursos [&hellip;]<\/p>\n","protected":false},"author":1,"featured_media":0,"parent":0,"menu_order":0,"comment_status":"closed","ping_status":"closed","template":"page-fullwidth.php","meta":{"jetpack_post_was_ever_published":false,"footnotes":""},"class_list":["post-16","page","type-page","status-publish","hentry"],"jetpack_sharing_enabled":true,"jetpack_shortlink":"https:\/\/wp.me\/P9arT9-g","jetpack-related-posts":[{"id":17,"url":"https:\/\/toleranciacero.org.es\/web\/acerca-de\/","url_meta":{"origin":16,"position":0},"title":"Qui\u00e9nes somos","author":"Tolerancia Cero","date":"27\/07\/2017","format":false,"excerpt":"MISI\u00d3N Conseguir diagn\u00f3sticos adecuados y los recursos necesarios para ayudar a los ni\u00f1os, adolescentes y j\u00f3venes cuyas madres consumieron alcohol drogas o tabaco durante el embarazo o\/y sufrieron desnutrici\u00f3n pre y postnatal, abusos, malos tratos, negligencia, etc. puesto que estas experiencias primeras afectan su vida presente y futura, tanto a\u2026","rel":"","context":"Entrada similar","block_context":{"text":"Entrada similar","link":""},"img":{"alt_text":"","src":"https:\/\/i0.wp.com\/toleranciacero.org.es\/web\/wp-content\/uploads\/2017\/07\/UIH.jpg?resize=350%2C200&ssl=1","width":350,"height":200,"srcset":"https:\/\/i0.wp.com\/toleranciacero.org.es\/web\/wp-content\/uploads\/2017\/07\/UIH.jpg?resize=350%2C200&ssl=1 1x, https:\/\/i0.wp.com\/toleranciacero.org.es\/web\/wp-content\/uploads\/2017\/07\/UIH.jpg?resize=525%2C300&ssl=1 1.5x, https:\/\/i0.wp.com\/toleranciacero.org.es\/web\/wp-content\/uploads\/2017\/07\/UIH.jpg?resize=700%2C400&ssl=1 2x"},"classes":[]},{"id":194,"url":"https:\/\/toleranciacero.org.es\/web\/haz-tu-donativo\/","url_meta":{"origin":16,"position":1},"title":"Haz tu donativo","author":"Tolerancia Cero","date":"23\/08\/2017","format":false,"excerpt":"Tu colaboraci\u00f3n es muy valiosa, colabora con una \u00fanica aportaci\u00f3n para ayudar a ni\u00f1os, adolescentes y j\u00f3venes que han sufrido abandono, negligencia o malos tratos. Un mal inicio en la vida no determina que tengan que vivir una existencia infeliz. Convi\u00e9rtete en un tutor de resiliencia y ay\u00fadales a superar\u2026","rel":"","context":"Entrada similar","block_context":{"text":"Entrada similar","link":""},"img":{"alt_text":"","src":"https:\/\/i0.wp.com\/toleranciacero.org.es\/web\/wp-content\/uploads\/2017\/08\/959.jpg?resize=350%2C200&ssl=1","width":350,"height":200,"srcset":"https:\/\/i0.wp.com\/toleranciacero.org.es\/web\/wp-content\/uploads\/2017\/08\/959.jpg?resize=350%2C200&ssl=1 1x, https:\/\/i0.wp.com\/toleranciacero.org.es\/web\/wp-content\/uploads\/2017\/08\/959.jpg?resize=525%2C300&ssl=1 1.5x, https:\/\/i0.wp.com\/toleranciacero.org.es\/web\/wp-content\/uploads\/2017\/08\/959.jpg?resize=700%2C400&ssl=1 2x"},"classes":[]},{"id":178,"url":"https:\/\/toleranciacero.org.es\/web\/hazte-socioa\/","url_meta":{"origin":16,"position":2},"title":"Hazte Socio\/a","author":"Tolerancia Cero","date":"23\/08\/2017","format":false,"excerpt":"Tu colaboraci\u00f3n es muy valiosa. Hazte socio\/a con una aportaci\u00f3n peri\u00f3dica para ayudar a ni\u00f1os, adolescentes y j\u00f3venes que han sufrido en el inicio de sus vidas. Un principio dif\u00edcil no determina una vida infeliz. \u00a0","rel":"","context":"Entrada similar","block_context":{"text":"Entrada similar","link":""},"img":{"alt_text":"","src":"https:\/\/i0.wp.com\/toleranciacero.org.es\/web\/wp-content\/uploads\/2017\/08\/1321.jpg?resize=350%2C200&ssl=1","width":350,"height":200,"srcset":"https:\/\/i0.wp.com\/toleranciacero.org.es\/web\/wp-content\/uploads\/2017\/08\/1321.jpg?resize=350%2C200&ssl=1 1x, https:\/\/i0.wp.com\/toleranciacero.org.es\/web\/wp-content\/uploads\/2017\/08\/1321.jpg?resize=525%2C300&ssl=1 1.5x, https:\/\/i0.wp.com\/toleranciacero.org.es\/web\/wp-content\/uploads\/2017\/08\/1321.jpg?resize=700%2C400&ssl=1 2x"},"classes":[]},{"id":94,"url":"https:\/\/toleranciacero.org.es\/web\/servicios\/","url_meta":{"origin":16,"position":3},"title":"Servicios","author":"Tolerancia Cero","date":"08\/08\/2017","format":false,"excerpt":"GRUPO VIRTUAL DE APOYO EMOCIONAL Las caracter\u00edsticas espec\u00edficas del SAF,TEAF, TA, etc., unido al car\u00e1cter cr\u00f3nico y discapacitante de un elevado porcentaje de los mismos, hace que el apoyo emocional sea fundamental para las familias. Se trata de un espacio de intercambio de experiencias y conocimientos donde las familias pueden\u2026","rel":"","context":"Entrada similar","block_context":{"text":"Entrada similar","link":""},"img":{"alt_text":"","src":"https:\/\/i0.wp.com\/toleranciacero.org.es\/web\/wp-content\/uploads\/2017\/08\/OGOWOR0.jpg?resize=350%2C200&ssl=1","width":350,"height":200,"srcset":"https:\/\/i0.wp.com\/toleranciacero.org.es\/web\/wp-content\/uploads\/2017\/08\/OGOWOR0.jpg?resize=350%2C200&ssl=1 1x, https:\/\/i0.wp.com\/toleranciacero.org.es\/web\/wp-content\/uploads\/2017\/08\/OGOWOR0.jpg?resize=525%2C300&ssl=1 1.5x, https:\/\/i0.wp.com\/toleranciacero.org.es\/web\/wp-content\/uploads\/2017\/08\/OGOWOR0.jpg?resize=700%2C400&ssl=1 2x"},"classes":[]},{"id":382,"url":"https:\/\/toleranciacero.org.es\/web\/abandono-negligencia-y-maltrato\/","url_meta":{"origin":16,"position":4},"title":"Abandono, Negligencia y Maltrato","author":"Tolerancia Cero","date":"08\/09\/2017","format":false,"excerpt":"S\u00edndrome de estr\u00e9s postraum\u00e1tico. El abandono y el maltrato infantil genera en los ni\u00f1os lo que se conoce como s\u00edndrome de estr\u00e9s postraum\u00e1tico que conlleva una alteraci\u00f3n neuroendocrina de forma cr\u00f3nica. El estr\u00e9s agudo o traum\u00e1tico genera unos niveles muy elevados de cortisol, que da\u00f1an el sistema neuroendocrino encargado de\u2026","rel":"","context":"Entrada similar","block_context":{"text":"Entrada similar","link":""},"img":{"alt_text":"","src":"https:\/\/i0.wp.com\/toleranciacero.org.es\/web\/wp-content\/uploads\/2017\/08\/269.jpg?resize=350%2C200&ssl=1","width":350,"height":200,"srcset":"https:\/\/i0.wp.com\/toleranciacero.org.es\/web\/wp-content\/uploads\/2017\/08\/269.jpg?resize=350%2C200&ssl=1 1x, https:\/\/i0.wp.com\/toleranciacero.org.es\/web\/wp-content\/uploads\/2017\/08\/269.jpg?resize=525%2C300&ssl=1 1.5x, https:\/\/i0.wp.com\/toleranciacero.org.es\/web\/wp-content\/uploads\/2017\/08\/269.jpg?resize=700%2C400&ssl=1 2x"},"classes":[]},{"id":103,"url":"https:\/\/toleranciacero.org.es\/web\/hazte-socio\/","url_meta":{"origin":16,"position":5},"title":"\u00bfQu\u00e9 puedes hacer t\u00fa?","author":"Tolerancia Cero","date":"08\/08\/2017","format":false,"excerpt":"Tu colaboraci\u00f3n es muy valiosa en la prevenci\u00f3n, diagn\u00f3stico e intervenci\u00f3n en favor de menores, adolescentes y j\u00f3venes afectados por trastornos derivados del consumo de alcohol, drogas o tabaco durante su gestaci\u00f3n, o derivados de experiencias traum\u00e1ticas consecuencias del abandono, la negligencia o los malos tratos. \u00a0 HAZTE \u00a0SOCIO\/A Elige\u2026","rel":"","context":"Entrada similar","block_context":{"text":"Entrada similar","link":""},"img":{"alt_text":"","src":"https:\/\/i0.wp.com\/toleranciacero.org.es\/web\/wp-content\/uploads\/2017\/08\/tolerancia003.jpg?resize=350%2C200&ssl=1","width":350,"height":200,"srcset":"https:\/\/i0.wp.com\/toleranciacero.org.es\/web\/wp-content\/uploads\/2017\/08\/tolerancia003.jpg?resize=350%2C200&ssl=1 1x, https:\/\/i0.wp.com\/toleranciacero.org.es\/web\/wp-content\/uploads\/2017\/08\/tolerancia003.jpg?resize=525%2C300&ssl=1 1.5x, https:\/\/i0.wp.com\/toleranciacero.org.es\/web\/wp-content\/uploads\/2017\/08\/tolerancia003.jpg?resize=700%2C400&ssl=1 2x"},"classes":[]}],"jetpack_likes_enabled":true,"_links":{"self":[{"href":"https:\/\/toleranciacero.org.es\/web\/wp-json\/wp\/v2\/pages\/16","targetHints":{"allow":["GET"]}}],"collection":[{"href":"https:\/\/toleranciacero.org.es\/web\/wp-json\/wp\/v2\/pages"}],"about":[{"href":"https:\/\/toleranciacero.org.es\/web\/wp-json\/wp\/v2\/types\/page"}],"author":[{"embeddable":true,"href":"https:\/\/toleranciacero.org.es\/web\/wp-json\/wp\/v2\/users\/1"}],"replies":[{"embeddable":true,"href":"https:\/\/toleranciacero.org.es\/web\/wp-json\/wp\/v2\/comments?post=16"}],"version-history":[{"count":21,"href":"https:\/\/toleranciacero.org.es\/web\/wp-json\/wp\/v2\/pages\/16\/revisions"}],"predecessor-version":[{"id":153,"href":"https:\/\/toleranciacero.org.es\/web\/wp-json\/wp\/v2\/pages\/16\/revisions\/153"}],"wp:attachment":[{"href":"https:\/\/toleranciacero.org.es\/web\/wp-json\/wp\/v2\/media?parent=16"}],"curies":[{"name":"wp","href":"https:\/\/api.w.org\/{rel}","templated":true}]}}