{"id":17,"date":"2017-07-27T10:31:43","date_gmt":"2017-07-27T10:31:43","guid":{"rendered":"https:\/\/toleranciacero.org.es\/web\/?page_id=17"},"modified":"2019-12-01T09:03:01","modified_gmt":"2019-12-01T07:03:01","slug":"acerca-de","status":"publish","type":"page","link":"https:\/\/toleranciacero.org.es\/web\/acerca-de\/","title":{"rendered":"Qui\u00e9nes somos"},"content":{"rendered":"<h4>MISI\u00d3N<\/h4>\n<p>Conseguir diagn\u00f3sticos adecuados y los recursos necesarios para ayudar a los ni\u00f1os, adolescentes y j\u00f3venes cuyas madres consumieron alcohol drogas o tabaco durante el embarazo o\/y sufrieron desnutrici\u00f3n pre y postnatal, abusos, malos tratos, negligencia, etc. puesto que estas experiencias primeras afectan su vida presente y futura, tanto a nivel educativo, como social, sanitario, judicial, etc.<\/p>\n<p>Prevenci\u00f3n del maltrato fetal en la vida intrauterina por consumo de terat\u00f3genos durante el embarazo (alcohol, drogas y tabaco).<\/p>\n<p>&nbsp;<\/p>\n<h4>VISI\u00d3N<\/h4>\n<p>Trabajamos para difundir la necesidad de conseguir Tolerancia Cero al maltrato antes de nacer y Tolerancia Cero a la discriminaci\u00f3n y el maltrato institucional que, a veces, sufren aquellos ni\u00f1os, adolescentes, j\u00f3venes y adultos, que vivieron dichas experiencias traum\u00e1ticas en sus primeros 1.000 d\u00edas de vida.<\/p>\n<p>&nbsp;<\/p>\n<h4>Presidenta<\/h4>\n<p>Marga Mu\u00f1iz Aguilar<\/p>\n<h4>Secretaria<\/h4>\n<p>Mar\u00eda Sampedro Guti\u00e9rrez<\/p>\n<h4>Tesorera<\/h4>\n<p>Blanca Hermosa de la Fuente<\/p>\n<h4>Directora de Proyectos<\/h4>\n<p><a href=\"http:\/\/margamunizaguilar.com\/web\/curriculum-completo\/\" target=\"_blank\" rel=\"noopener\">Marga Mu\u00f1iz Aguilar<\/a> \u00a0Orientadora Educativa y Logopeda. Especialista en adopci\u00f3n y acogimiento con amplia experiencia en el tratamiento de menores con Trastorno del Espectro Alcoh\u00f3lico Fetal, Trastorno de Apego, Malnutrici\u00f3n pre y postnatal, dificultades de aprendizaje y problemas de comportamiento.<\/p>\n<p>Autora de numerosos art\u00edculos sobre adopci\u00f3n, temas educativos y crecimiento personal. Autora de varios libros: Cuando l@s ni\u00f1@s no vienen de Par\u00eds, Otra forma de aprender es posible, 101 ejercicios para ense\u00f1ar a aprender y Detr\u00e1s de tu mirada. Coautora de La Cig\u00fce\u00f1a amarilla y de Neurobiolog\u00eda del abandono y el maltrato infantil.<\/p>\n<hr \/>\n<p>&nbsp;<\/p>\n<h4><\/h4>\n<h4>VALORES<\/h4>\n<p>Tolerancia Cero se gu\u00eda por los siguientes valores que orientan nuestras acciones y decisiones para alcanzar nuestra misi\u00f3n.<\/p>\n<h5>Responsabilidad<\/h5>\n<p>Todo lo que hacemos o dejamos de hacer tiene consecuencias sobre nosotros mismos y sobre los dem\u00e1s.<\/p>\n<h5>Solidaridad<\/h5>\n<p>Es el compromiso moral para ayudar a aquellos que lo necesitan. Nos permite sentirnos unidos y tener sentimiento de empat\u00eda por las circunstancias de los dem\u00e1s.<\/p>\n<h5>Perseverancia<\/h5>\n<p>Perseguimos nuestros objetivos con tes\u00f3n y dedicaci\u00f3n, trabajando con constancia. La perseverancia nos ayuda tambi\u00e9n a encontrar nuevas estrategias para superar los obst\u00e1culos y nos ayuda a aprender de los errores.<\/p>\n<h5>Trabajo en equipo<\/h5>\n<p>En Tolerancia Cero cada persona hace una parte, pero todas tenemos un objetivo en com\u00fan. Cuando se trabaja en equipo, se a\u00fanan las aptitudes y se potencian los esfuerzos, disminuyendo el tiempo invertido en las labores y aumentando la eficacia de los resultados.<\/p>\n<p>&nbsp;<\/p>\n<h4>OBJETIVOS<\/h4>\n<p>Para el cumplimiento de sus fines Tolerancia Cero tiene los siguientes objetivos:<\/p>\n<ul>\n<li>Formaci\u00f3n y atenci\u00f3n emocional a familias adoptivas y acogedoras con hijos cuyas madres biol\u00f3gicas ingirieron terat\u00f3genos durante el embarazo.<\/li>\n<li>Formaci\u00f3n y atenci\u00f3n emocional a familias adoptivas y acogedoras con hijos que sufrieron desnutrici\u00f3n pre y postnatal.<\/li>\n<li>Formaci\u00f3n y atenci\u00f3n emocional a familias adoptivas y acogedoras cuyos hijos presentan trastornos de apego debido a experiencias traum\u00e1ticas previas.<\/li>\n<li>Campa\u00f1as de difusi\u00f3n y sensibilizaci\u00f3n a las mujeres en edad f\u00e9rtil de los problemas que produce el consumo de terat\u00f3genos en el feto en gestaci\u00f3n.<\/li>\n<li>Campa\u00f1as de difusi\u00f3n y visibilidad del problema a la sociedad en general.<\/li>\n<li>Campa\u00f1as de difusi\u00f3n y sensibilizaci\u00f3n de la importancia de los buenos tratos como ant\u00eddoto contra las secuelas de experiencias traum\u00e1ticas en los inicios de la vida.<\/li>\n<li>Difusi\u00f3n y formaci\u00f3n a profesionales de la ense\u00f1anza sobre la repercusi\u00f3n en los aprendizajes escolares del S\u00edndrome Alch\u00f3lico Fetal (SAF), Trastorno del<\/li>\n<li>Espectro Alcoh\u00f3lico Fetal (TEAF) y otros tratornos derivados del consumo de drogas y tabaco durante el embarazo, as\u00ed como de los efectos de la desnutrici\u00f3n, los abusos, la negligencia y los malos tratos ocurridos en los primeros 1.000 d\u00edas de vida.<\/li>\n<li>Difusi\u00f3n y formaci\u00f3n a profesionales de la salud para un dian\u00f3stico precoz y un tratamiento adecuado de los s\u00edndromes y trastornos que presentan ni\u00f1os, adolescentes y j\u00f3venes cuyas madres consumieron terat\u00f3genos durante el embarazo, o que sufrieron experiencias traum\u00e1ticas.<\/li>\n<li>Difusi\u00f3n y formaci\u00f3n a jueces, fiscales y abogados para que no se criminalice la discapacidad que presentan aquellos menores o j\u00f3venes con trastornos de conducta derivados del consumo de terat\u00f3genos por parte de sus madres durante su gestaci\u00f3n, problemas de apego, etc. y sean juzgados teniendo en cuenta dicha discapacidad.<\/li>\n<li>Trabajar con las distintas administraciones (Sanidad, Educaci\u00f3n, Justicia, Protecci\u00f3n de Menores, etc.) para conseguir el reconocimiento de las diferentes discapacidades que sufren las personas cuyas madres ingirieron terat\u00f3genos durante el embarazo o sufrieron experiencias traum\u00e1ticas, abandono, negligencia, etc.<\/li>\n<li>Facilitar la integraci\u00f3n laboral a j\u00f3venes afectados de SAF, TEAF, etc. al mercado ordinario de trabajo a trav\u00e9s de los proyectos de empleo con apoyo.<\/li>\n<li>Actividades de ocio y tiempo libre para ni\u00f1os, adolescentes y j\u00f3venes afectados.<\/li>\n<li>Respiro familiar para personas con hijos afectados por s\u00edndromes y trastornos derivados del consumo de terat\u00f3genos, desnutrici\u00f3n, malos tratos, etc.<\/li>\n<li>Asesor\u00eda educativa.<\/li>\n<li>Asesor\u00eda sanitaria.<\/li>\n<li>Asesor\u00eda jur\u00eddica.<\/li>\n<li>Asesor\u00eda sobre viviendas tuteladas.<\/li>\n<li>Oficina virtual para atender a los socios.<\/li>\n<li>Creaci\u00f3n de una Plataforma on line para realizar cursos, talleres, conferencias, etc.<\/li>\n<\/ul>\n<p>&nbsp;<\/p>\n<h4>GESTI\u00d3N DEL CONOCIMIENTO<\/h4>\n<p>Trabajar con las Consejer\u00edas de Igualdad y Bienestar Social y con otras instituciones (Instituto de la Mujer, Instituto de la Juventud, Protecci\u00f3n de Menores, etc.) en la difusi\u00f3n de los peligros del consumo de alcohol durante el embarazo.<\/p>\n<p>Formaci\u00f3n dirigida a profesionales de distintas \u00e1reas de inter\u00e9s (Educaci\u00f3n, Salud, Psicolog\u00eda, Justicia, Protecci\u00f3n de Menores, etc.), por medio de Jornadas, Talleres, Encuentros, etc.<\/p>\n<p><img loading=\"lazy\" decoding=\"async\" class=\"alignnone wp-image-252 size-full\" src=\"https:\/\/toleranciacero.org.es\/web\/wp-content\/uploads\/2017\/07\/adolescente-mosqueada-mostrando-el-pulgar-hacia-abajo_1149-871.jpg\" alt=\"\" width=\"768\" height=\"461\" srcset=\"https:\/\/toleranciacero.org.es\/web\/wp-content\/uploads\/2017\/07\/adolescente-mosqueada-mostrando-el-pulgar-hacia-abajo_1149-871.jpg 768w, https:\/\/toleranciacero.org.es\/web\/wp-content\/uploads\/2017\/07\/adolescente-mosqueada-mostrando-el-pulgar-hacia-abajo_1149-871-300x180.jpg 300w\" sizes=\"auto, (max-width: 768px) 100vw, 768px\" \/><\/p>\n<h4>VISIBILIDAD Y DIFUSI\u00d3N<\/h4>\n<p>El objetivo es dar a conocer las consecuencias del consumo de terat\u00f3genos (alcohol, drogas, tabaco) durante el embarazo y las necesidades de las personas que sufren las secuelas de la ingesta de dichas sustancias durante su gestaci\u00f3n. Igualmente, dar a conocer las secuelas que produce en los aprendizajes escolares y en la conducta, el abandono, negligencia, malnutrici\u00f3n o malos tratos durante los primeros a\u00f1os de vida.<\/p>\n<p>No se trata de un problema de unos pocos, sino de la sociedad en general.<br \/>\nHablando solamente del alcohol, que es el terat\u00f3geno que m\u00e1s da\u00f1o produce en el feto, por encima del tabaco y las drogas, un reciente estudio indica que en Espa\u00f1a el 40,7% de embarazadas toma alcohol el primer mes de gestaci\u00f3n y el 17,1% sigue tomando alcohol los tres \u00faltimos meses.<br \/>\nEl consumo de alcohol durante el embarazo es la principal causa que se podr\u00eda prevenir de defectos cong\u00e9nitos y trastornos del desarrollo en la UE.<br \/>\nAunque muchas mujeres reducen o suprimen el consumo de alcohol durante la gestaci\u00f3n, se estima que hasta un 25%-50% de las mujeres embarazadas en la Uni\u00f3n Europea contin\u00faan consumiendo durante este periodo. Algunos estudios basados en la detecci\u00f3n de alcohol en reci\u00e9n nacidos indican que podr\u00eda existir una prevalencia de consumo de alcohol en mujeres gestantes mayor de lo que se estima a trav\u00e9s de los m\u00e9todos convencionales.<\/p>\n<p>El s\u00edndrome alcoh\u00f3lico fetal se ha convertido en la Uni\u00f3n Europea en la segunda causa de retraso mental tras el s\u00edndrome de Down.<\/p>\n<p>Desde 1999, cada 9 de septiembre se celebra el d\u00eda mundial del S\u00edndrome Alcoh\u00f3lico Fetal. Se celebra el d\u00eda 9 del 9 por los meses de embarazo.<\/p>\n<p><a href=\"https:\/\/toleranciacero.org.es\/web\/dia-internacional-del-saf\/\"><img loading=\"lazy\" decoding=\"async\" class=\"alignnone wp-image-254 size-full\" src=\"https:\/\/toleranciacero.org.es\/web\/wp-content\/uploads\/2017\/07\/0001-42.png\" alt=\"\" width=\"768\" height=\"461\" srcset=\"https:\/\/toleranciacero.org.es\/web\/wp-content\/uploads\/2017\/07\/0001-42.png 768w, https:\/\/toleranciacero.org.es\/web\/wp-content\/uploads\/2017\/07\/0001-42-300x180.png 300w\" sizes=\"auto, (max-width: 768px) 100vw, 768px\" \/><\/a><\/p>\n<p>Nuestra asociaci\u00f3n se une cada a\u00f1o en esa fecha a m\u00e1s de 40 organizaciones en 24 pa\u00edses en la campa\u00f1a promovida por la Alianza EUFASD, que pretende concienciar sobre los riesgos de consumir alcohol durante el embarazo.<\/p>\n<p>Cada a\u00f1o, el 9 de septiembre, se convoca a nivel internacional el D\u00eda del S\u00edndrome Alcoh\u00f3lico Fetal, para recordar que la mujer debe abstenerse completamente de beber durante la gestaci\u00f3n. En los casos de mayor gravedad se puede producir la muerte fetal. El S\u00edndrome Alcoh\u00f3lico Fetal (SAF) que cursa con malformaciones tiene una gravedad moderada. Y los Trastornos del Espectro Alcoh\u00f3lico Fetal (TEAF) pueden manifestarse como alteraciones m\u00e1s sutiles del aprendizaje y del comportamiento, sin presentar malformaciones.<\/p>\n<p>El consumo de alcohol durante el embarazo es la principal causa conocida de defectos cong\u00e9nitos y trastornos del desarrollo en la UE. Seg\u00fan investigaciones recientes, una mujer embarazada que consuma cualquier cantidad de alcohol, aunque sea consumo social, est\u00e1 en riesgo de tener un ni\u00f1o con S\u00edndrome de Alcoholismo Fetal. En los casos m\u00e1s graves, el consumo de alcohol durante el embarazo puede llegar a causar abortos espont\u00e1neos, nacimientos prematuros, retraso en el crecimiento, peso y talla, retraso mental, graves malformaciones card\u00edacas o cerebrales, etc.<\/p>\n<p>Se puede encontrar informaci\u00f3n completa en La Gu\u00eda Cl\u00ednica de alcoholismo, presentada por <em>SOCIDROGALCOHOL<\/em> de acceso libre en <a href=\"http:\/\/www.socidrogalcohol.org\/\" target=\"_blank\" rel=\"noopener\">socidrogalcohol.org<\/a><\/p>\n<p><img loading=\"lazy\" decoding=\"async\" class=\"alignnone wp-image-250 size-full\" src=\"https:\/\/toleranciacero.org.es\/web\/wp-content\/uploads\/2017\/07\/corte-del-papel-de-manila-carpeta-con-algun-documento_1232-1658.jpg\" alt=\"\" width=\"768\" height=\"461\" srcset=\"https:\/\/toleranciacero.org.es\/web\/wp-content\/uploads\/2017\/07\/corte-del-papel-de-manila-carpeta-con-algun-documento_1232-1658.jpg 768w, https:\/\/toleranciacero.org.es\/web\/wp-content\/uploads\/2017\/07\/corte-del-papel-de-manila-carpeta-con-algun-documento_1232-1658-300x180.jpg 300w\" sizes=\"auto, (max-width: 768px) 100vw, 768px\" \/><\/p>\n<h4>DOCUMENTACI\u00d3N<\/h4>\n<p>Enlaces a memorias e informes que recojan las necesidades de las personas con SAF, TEAF, Trastorno de Apego, etc.<\/p>\n<p>Gesti\u00f3n de art\u00edculos, noticias y documentos de inter\u00e9s para las familias.<\/p>\n","protected":false},"excerpt":{"rendered":"<p>MISI\u00d3N Conseguir diagn\u00f3sticos adecuados y los recursos necesarios para ayudar a los ni\u00f1os, adolescentes y j\u00f3venes cuyas madres consumieron alcohol drogas o tabaco durante el embarazo o\/y sufrieron desnutrici\u00f3n pre y postnatal, abusos, malos tratos, negligencia, etc. puesto que estas experiencias primeras afectan su vida presente y futura, tanto a nivel educativo, como social, sanitario, [&hellip;]<\/p>\n","protected":false},"author":1,"featured_media":327,"parent":0,"menu_order":0,"comment_status":"closed","ping_status":"closed","template":"","meta":{"jetpack_post_was_ever_published":false,"footnotes":""},"class_list":["post-17","page","type-page","status-publish","has-post-thumbnail","hentry"],"jetpack_sharing_enabled":true,"jetpack_shortlink":"https:\/\/wp.me\/P9arT9-h","jetpack-related-posts":[{"id":16,"url":"https:\/\/toleranciacero.org.es\/web\/inicio\/","url_meta":{"origin":17,"position":0},"title":"TOLERANCIA CERO","author":"Tolerancia Cero","date":"27\/07\/2017","format":false,"excerpt":"Trabajamos para difundir la necesidad de conseguir Tolerancia Cero al maltrato antes de nacer y Tolerancia Cero a la discriminaci\u00f3n y el maltrato institucional que, a veces, sufren aquellos ni\u00f1os, adolescentes, j\u00f3venes y adultos, que vivieron dichas experiencias traum\u00e1ticas en sus primeros 1.000 d\u00edas de vida. Nuestra misi\u00f3n es conseguir\u2026","rel":"","context":"Entrada similar","block_context":{"text":"Entrada similar","link":""},"img":{"alt_text":"","src":"https:\/\/i0.wp.com\/toleranciacero.org.es\/web\/wp-content\/uploads\/2017\/07\/a1.jpg?resize=350%2C200&ssl=1","width":350,"height":200,"srcset":"https:\/\/i0.wp.com\/toleranciacero.org.es\/web\/wp-content\/uploads\/2017\/07\/a1.jpg?resize=350%2C200&ssl=1 1x, https:\/\/i0.wp.com\/toleranciacero.org.es\/web\/wp-content\/uploads\/2017\/07\/a1.jpg?resize=525%2C300&ssl=1 1.5x, https:\/\/i0.wp.com\/toleranciacero.org.es\/web\/wp-content\/uploads\/2017\/07\/a1.jpg?resize=700%2C400&ssl=1 2x, https:\/\/i0.wp.com\/toleranciacero.org.es\/web\/wp-content\/uploads\/2017\/07\/a1.jpg?resize=1050%2C600&ssl=1 3x, https:\/\/i0.wp.com\/toleranciacero.org.es\/web\/wp-content\/uploads\/2017\/07\/a1.jpg?resize=1400%2C800&ssl=1 4x"},"classes":[]},{"id":103,"url":"https:\/\/toleranciacero.org.es\/web\/hazte-socio\/","url_meta":{"origin":17,"position":1},"title":"\u00bfQu\u00e9 puedes hacer t\u00fa?","author":"Tolerancia Cero","date":"08\/08\/2017","format":false,"excerpt":"Tu colaboraci\u00f3n es muy valiosa en la prevenci\u00f3n, diagn\u00f3stico e intervenci\u00f3n en favor de menores, adolescentes y j\u00f3venes afectados por trastornos derivados del consumo de alcohol, drogas o tabaco durante su gestaci\u00f3n, o derivados de experiencias traum\u00e1ticas consecuencias del abandono, la negligencia o los malos tratos. \u00a0 HAZTE \u00a0SOCIO\/A Elige\u2026","rel":"","context":"Entrada similar","block_context":{"text":"Entrada similar","link":""},"img":{"alt_text":"","src":"https:\/\/i0.wp.com\/toleranciacero.org.es\/web\/wp-content\/uploads\/2017\/08\/tolerancia003.jpg?resize=350%2C200&ssl=1","width":350,"height":200,"srcset":"https:\/\/i0.wp.com\/toleranciacero.org.es\/web\/wp-content\/uploads\/2017\/08\/tolerancia003.jpg?resize=350%2C200&ssl=1 1x, https:\/\/i0.wp.com\/toleranciacero.org.es\/web\/wp-content\/uploads\/2017\/08\/tolerancia003.jpg?resize=525%2C300&ssl=1 1.5x, https:\/\/i0.wp.com\/toleranciacero.org.es\/web\/wp-content\/uploads\/2017\/08\/tolerancia003.jpg?resize=700%2C400&ssl=1 2x"},"classes":[]},{"id":388,"url":"https:\/\/toleranciacero.org.es\/web\/tabaco\/","url_meta":{"origin":17,"position":2},"title":"TABACO","author":"Tolerancia Cero","date":"08\/09\/2017","format":false,"excerpt":"El consumo de tabaco provoca una reducci\u00f3n del peso, talla y per\u00edmetro craneal del reci\u00e9n nacido, ya que la nicotina atraviesa la placenta y act\u00faa directamente sobre el embri\u00f3n y el feto durante su desarrollo, condenando al feto a una peor nutrici\u00f3n, al reducir el aporte sangu\u00edneo a la placenta.\u2026","rel":"","context":"Entrada similar","block_context":{"text":"Entrada similar","link":""},"img":{"alt_text":"","src":"https:\/\/i0.wp.com\/toleranciacero.org.es\/web\/wp-content\/uploads\/2017\/09\/TABACO.jpg?resize=350%2C200&ssl=1","width":350,"height":200,"srcset":"https:\/\/i0.wp.com\/toleranciacero.org.es\/web\/wp-content\/uploads\/2017\/09\/TABACO.jpg?resize=350%2C200&ssl=1 1x, https:\/\/i0.wp.com\/toleranciacero.org.es\/web\/wp-content\/uploads\/2017\/09\/TABACO.jpg?resize=525%2C300&ssl=1 1.5x, https:\/\/i0.wp.com\/toleranciacero.org.es\/web\/wp-content\/uploads\/2017\/09\/TABACO.jpg?resize=700%2C400&ssl=1 2x"},"classes":[]},{"id":194,"url":"https:\/\/toleranciacero.org.es\/web\/haz-tu-donativo\/","url_meta":{"origin":17,"position":3},"title":"Haz tu donativo","author":"Tolerancia Cero","date":"23\/08\/2017","format":false,"excerpt":"Tu colaboraci\u00f3n es muy valiosa, colabora con una \u00fanica aportaci\u00f3n para ayudar a ni\u00f1os, adolescentes y j\u00f3venes que han sufrido abandono, negligencia o malos tratos. Un mal inicio en la vida no determina que tengan que vivir una existencia infeliz. Convi\u00e9rtete en un tutor de resiliencia y ay\u00fadales a superar\u2026","rel":"","context":"Entrada similar","block_context":{"text":"Entrada similar","link":""},"img":{"alt_text":"","src":"https:\/\/i0.wp.com\/toleranciacero.org.es\/web\/wp-content\/uploads\/2017\/08\/959.jpg?resize=350%2C200&ssl=1","width":350,"height":200,"srcset":"https:\/\/i0.wp.com\/toleranciacero.org.es\/web\/wp-content\/uploads\/2017\/08\/959.jpg?resize=350%2C200&ssl=1 1x, https:\/\/i0.wp.com\/toleranciacero.org.es\/web\/wp-content\/uploads\/2017\/08\/959.jpg?resize=525%2C300&ssl=1 1.5x, https:\/\/i0.wp.com\/toleranciacero.org.es\/web\/wp-content\/uploads\/2017\/08\/959.jpg?resize=700%2C400&ssl=1 2x"},"classes":[]},{"id":382,"url":"https:\/\/toleranciacero.org.es\/web\/abandono-negligencia-y-maltrato\/","url_meta":{"origin":17,"position":4},"title":"Abandono, Negligencia y Maltrato","author":"Tolerancia Cero","date":"08\/09\/2017","format":false,"excerpt":"S\u00edndrome de estr\u00e9s postraum\u00e1tico. El abandono y el maltrato infantil genera en los ni\u00f1os lo que se conoce como s\u00edndrome de estr\u00e9s postraum\u00e1tico que conlleva una alteraci\u00f3n neuroendocrina de forma cr\u00f3nica. El estr\u00e9s agudo o traum\u00e1tico genera unos niveles muy elevados de cortisol, que da\u00f1an el sistema neuroendocrino encargado de\u2026","rel":"","context":"Entrada similar","block_context":{"text":"Entrada similar","link":""},"img":{"alt_text":"","src":"https:\/\/i0.wp.com\/toleranciacero.org.es\/web\/wp-content\/uploads\/2017\/08\/269.jpg?resize=350%2C200&ssl=1","width":350,"height":200,"srcset":"https:\/\/i0.wp.com\/toleranciacero.org.es\/web\/wp-content\/uploads\/2017\/08\/269.jpg?resize=350%2C200&ssl=1 1x, https:\/\/i0.wp.com\/toleranciacero.org.es\/web\/wp-content\/uploads\/2017\/08\/269.jpg?resize=525%2C300&ssl=1 1.5x, https:\/\/i0.wp.com\/toleranciacero.org.es\/web\/wp-content\/uploads\/2017\/08\/269.jpg?resize=700%2C400&ssl=1 2x"},"classes":[]},{"id":178,"url":"https:\/\/toleranciacero.org.es\/web\/hazte-socioa\/","url_meta":{"origin":17,"position":5},"title":"Hazte Socio\/a","author":"Tolerancia Cero","date":"23\/08\/2017","format":false,"excerpt":"Tu colaboraci\u00f3n es muy valiosa. Hazte socio\/a con una aportaci\u00f3n peri\u00f3dica para ayudar a ni\u00f1os, adolescentes y j\u00f3venes que han sufrido en el inicio de sus vidas. Un principio dif\u00edcil no determina una vida infeliz. \u00a0","rel":"","context":"Entrada similar","block_context":{"text":"Entrada similar","link":""},"img":{"alt_text":"","src":"https:\/\/i0.wp.com\/toleranciacero.org.es\/web\/wp-content\/uploads\/2017\/08\/1321.jpg?resize=350%2C200&ssl=1","width":350,"height":200,"srcset":"https:\/\/i0.wp.com\/toleranciacero.org.es\/web\/wp-content\/uploads\/2017\/08\/1321.jpg?resize=350%2C200&ssl=1 1x, https:\/\/i0.wp.com\/toleranciacero.org.es\/web\/wp-content\/uploads\/2017\/08\/1321.jpg?resize=525%2C300&ssl=1 1.5x, https:\/\/i0.wp.com\/toleranciacero.org.es\/web\/wp-content\/uploads\/2017\/08\/1321.jpg?resize=700%2C400&ssl=1 2x"},"classes":[]}],"jetpack_likes_enabled":true,"_links":{"self":[{"href":"https:\/\/toleranciacero.org.es\/web\/wp-json\/wp\/v2\/pages\/17","targetHints":{"allow":["GET"]}}],"collection":[{"href":"https:\/\/toleranciacero.org.es\/web\/wp-json\/wp\/v2\/pages"}],"about":[{"href":"https:\/\/toleranciacero.org.es\/web\/wp-json\/wp\/v2\/types\/page"}],"author":[{"embeddable":true,"href":"https:\/\/toleranciacero.org.es\/web\/wp-json\/wp\/v2\/users\/1"}],"replies":[{"embeddable":true,"href":"https:\/\/toleranciacero.org.es\/web\/wp-json\/wp\/v2\/comments?post=17"}],"version-history":[{"count":20,"href":"https:\/\/toleranciacero.org.es\/web\/wp-json\/wp\/v2\/pages\/17\/revisions"}],"predecessor-version":[{"id":1075,"href":"https:\/\/toleranciacero.org.es\/web\/wp-json\/wp\/v2\/pages\/17\/revisions\/1075"}],"wp:featuredmedia":[{"embeddable":true,"href":"https:\/\/toleranciacero.org.es\/web\/wp-json\/wp\/v2\/media\/327"}],"wp:attachment":[{"href":"https:\/\/toleranciacero.org.es\/web\/wp-json\/wp\/v2\/media?parent=17"}],"curies":[{"name":"wp","href":"https:\/\/api.w.org\/{rel}","templated":true}]}}