{"id":178,"date":"2017-08-23T11:38:16","date_gmt":"2017-08-23T09:38:16","guid":{"rendered":"https:\/\/toleranciacero.org.es\/web\/?page_id=178"},"modified":"2017-09-07T12:54:22","modified_gmt":"2017-09-07T10:54:22","slug":"hazte-socioa","status":"publish","type":"page","link":"https:\/\/toleranciacero.org.es\/web\/hazte-socioa\/","title":{"rendered":"Hazte Socio\/a"},"content":{"rendered":"<p>Tu colaboraci\u00f3n es muy valiosa. Hazte socio\/a con una aportaci\u00f3n peri\u00f3dica para ayudar a ni\u00f1os, adolescentes y j\u00f3venes que han sufrido en el inicio de sus vidas. Un principio dif\u00edcil no determina una vida infeliz.<\/p>\n<p>&nbsp;<\/p>\n\n<div class=\"wpcf7 no-js\" id=\"wpcf7-f184-o1\" lang=\"es-ES\" dir=\"ltr\" data-wpcf7-id=\"184\">\n<div class=\"screen-reader-response\"><p role=\"status\" aria-live=\"polite\" aria-atomic=\"true\"><\/p> <ul><\/ul><\/div>\n<form action=\"\/web\/wp-json\/wp\/v2\/pages\/178#wpcf7-f184-o1\" method=\"post\" class=\"wpcf7-form init\" aria-label=\"Formulario de contacto\" novalidate=\"novalidate\" data-status=\"init\">\n<fieldset class=\"hidden-fields-container\"><input type=\"hidden\" name=\"_wpcf7\" value=\"184\" \/><input type=\"hidden\" name=\"_wpcf7_version\" value=\"6.1.5\" \/><input type=\"hidden\" name=\"_wpcf7_locale\" value=\"es_ES\" \/><input type=\"hidden\" name=\"_wpcf7_unit_tag\" value=\"wpcf7-f184-o1\" \/><input type=\"hidden\" name=\"_wpcf7_container_post\" value=\"0\" \/><input type=\"hidden\" name=\"_wpcf7_posted_data_hash\" value=\"\" \/>\n<\/fieldset>\n<h3>Elige tu cuota peri\u00f3dica\n<\/h3>\n<p><span class=\"wpcf7-form-control-wrap\" data-name=\"radio-280\"><span class=\"wpcf7-form-control wpcf7-radio\"><span class=\"wpcf7-list-item first\"><input type=\"radio\" name=\"radio-280\" value=\"10 \u20ac\" checked=\"checked\" \/><span class=\"wpcf7-list-item-label\">10 \u20ac<\/span><\/span><span class=\"wpcf7-list-item last\"><input type=\"radio\" name=\"radio-280\" value=\"Otra cantidad\" \/><span class=\"wpcf7-list-item-label\">Otra cantidad<\/span><\/span><\/span><\/span><span class=\"wpcf7-form-control-wrap\" data-name=\"text-684\"><input size=\"40\" maxlength=\"400\" class=\"wpcf7-form-control wpcf7-text\" aria-invalid=\"false\" value=\"\" type=\"text\" name=\"text-684\" \/><\/span>\u20ac\n<\/p>\n<p><b>Periodicidad:<\/b><span class=\"wpcf7-form-control-wrap\" data-name=\"menu-857\"><select class=\"wpcf7-form-control wpcf7-select wpcf7-validates-as-required\" aria-required=\"true\" aria-invalid=\"false\" name=\"menu-857\"><option value=\"Mensual\">Mensual<\/option><option value=\"Bimestral\">Bimestral<\/option><option value=\"Trimestral\">Trimestral<\/option><option value=\"Anual\">Anual<\/option><\/select><\/span>\n<\/p>\n<p><b>Actualizaci\u00f3n anual:<\/b><span class=\"wpcf7-form-control-wrap\" data-name=\"radio-601\"><span class=\"wpcf7-form-control wpcf7-radio\"><span class=\"wpcf7-list-item first\"><input type=\"radio\" name=\"radio-601\" value=\"IPC\" checked=\"checked\" \/><span class=\"wpcf7-list-item-label\">IPC<\/span><\/span><span class=\"wpcf7-list-item last\"><input type=\"radio\" name=\"radio-601\" value=\"No\" \/><span class=\"wpcf7-list-item-label\">No<\/span><\/span><\/span><\/span>\n<\/p>\n<h3>Introduce tus datos personales\n<\/h3>\n<p><span class=\"wpcf7-form-control-wrap\" data-name=\"radio-333\"><span class=\"wpcf7-form-control wpcf7-radio\"><span class=\"wpcf7-list-item first\"><input type=\"radio\" name=\"radio-333\" value=\"Particular\" checked=\"checked\" \/><span class=\"wpcf7-list-item-label\">Particular<\/span><\/span><span class=\"wpcf7-list-item last\"><input type=\"radio\" name=\"radio-333\" value=\"Empresa\" \/><span class=\"wpcf7-list-item-label\">Empresa<\/span><\/span><\/span><\/span>\n<\/p>\n<p><label> Nombre y Apellidos(requerido)<br \/>\n<span class=\"wpcf7-form-control-wrap\" data-name=\"your-name\"><input size=\"40\" maxlength=\"400\" class=\"wpcf7-form-control wpcf7-text\" aria-invalid=\"false\" value=\"\" type=\"text\" name=\"your-name\" \/><\/span><br \/>\n<\/label>\n<\/p>\n<p><label> DNI(requerido)<br \/>\n<span class=\"wpcf7-form-control-wrap\" data-name=\"dni\"><input size=\"40\" maxlength=\"400\" class=\"wpcf7-form-control wpcf7-text\" aria-invalid=\"false\" value=\"\" type=\"text\" name=\"dni\" \/><\/span><br \/>\n<\/label>\n<\/p>\n<p><label> Correo electr\u00f3nico (requerido)<br \/>\n<span class=\"wpcf7-form-control-wrap\" data-name=\"email\"><input size=\"40\" maxlength=\"400\" class=\"wpcf7-form-control wpcf7-email wpcf7-text wpcf7-validates-as-email\" aria-invalid=\"false\" value=\"\" type=\"email\" name=\"email\" \/><\/span><br \/>\n<\/label>\n<\/p>\n<p><label>Tel\u00e9fono (requerido)<br \/>\n<span class=\"wpcf7-form-control-wrap\" data-name=\"telefono\"><input size=\"40\" maxlength=\"400\" class=\"wpcf7-form-control wpcf7-tel wpcf7-text wpcf7-validates-as-tel\" aria-invalid=\"false\" value=\"\" type=\"tel\" name=\"telefono\" \/><\/span> <\/label>\n<\/p>\n<h3>Forma de Pago\n<\/h3>\n<p>El pago puede realizarlo haciendo transferencia bancaria en el siguiente n\u00famero de cuenta:\n<\/p>\n<h4>ES52 2100 7777 7402 0007 2118\n<\/h4>\n<p>En el concepto debe de aparecer CUOTA SOCIO y su nombre. Recuerde enviar una copia del resguardo bancario de pago a trav\u00e9s del email <a href=\"mailto:info@toleranciacero.org.es\">info@toleranciacero.org.es<\/a> para hacer la inscripci\u00f3n efectiva.\n<\/p>\n<p>Si lo prefiere puede enviarnos su n\u00famero de cuenta y nosotros haremos una domiciliaci\u00f3n en su cuenta.<br \/>\n<label> IBAN<br \/>\n<span class=\"wpcf7-form-control-wrap\" data-name=\"text-654\"><input size=\"40\" maxlength=\"400\" class=\"wpcf7-form-control wpcf7-text\" aria-invalid=\"false\" value=\"\" type=\"text\" name=\"text-654\" \/><\/span><\/label>\n<\/p>\n<p>Cualquier duda que tenga contacte directamente con nosotros v\u00eda whatsapp.<br \/>\nSolo tiene que pinchar aqu\u00ed <img loading=\"lazy\" decoding=\"async\" src=\"https:\/\/toleranciacero.org.es\/web\/wp-content\/uploads\/2017\/10\/wt.png\" alt=\"wt\" width=\"25\" height=\"25\" \/><a href=\"https:\/\/api.whatsapp.com\/send?phone=+34669642832&amp;text=Hola%2C%20%0AContacto%20desde%20el%20WhatsApp%20de%20su%20web.%20%0AQuisiera%20informaci%C3%B3n%20sobre%3A%0A%0A%20%0A\"> 669 642 832<\/a><br \/>\n<hr \/>\n<\/p>\n<p><span class=\"wpcf7-form-control-wrap\" data-name=\"checkbox-955\"><span class=\"wpcf7-form-control wpcf7-checkbox wpcf7-validates-as-required\"><span class=\"wpcf7-list-item first last\"><input type=\"checkbox\" name=\"checkbox-955[]\" value=\"Soy mayor de 18 a\u00f1os\" \/><span class=\"wpcf7-list-item-label\">Soy mayor de 18 a\u00f1os<\/span><\/span><\/span><\/span><br \/>\n<span class=\"wpcf7-form-control-wrap\" data-name=\"checkbox-993\"><span class=\"wpcf7-form-control wpcf7-checkbox wpcf7-validates-as-required\"><span class=\"wpcf7-list-item first last\"><input type=\"checkbox\" name=\"checkbox-993[]\" value=\"Acepto la\" \/><span class=\"wpcf7-list-item-label\">Acepto la<\/span><\/span><\/span><\/span><a href=\"https:\/\/toleranciacero.org.es\/web\/aviso-legal\/\">Pol\u00edtica de Privacidad<\/a>\n<\/p>\n<p><input class=\"wpcf7-form-control wpcf7-submit has-spinner\" type=\"submit\" value=\"Enviar\" \/>\n<\/p><div class=\"wpcf7-response-output\" aria-hidden=\"true\"><\/div>\n<\/form>\n<\/div>\n\n","protected":false},"excerpt":{"rendered":"<p>Tu colaboraci\u00f3n es muy valiosa. Hazte socio\/a con una aportaci\u00f3n peri\u00f3dica para ayudar a ni\u00f1os, adolescentes y j\u00f3venes que han sufrido en el inicio de sus vidas. Un principio dif\u00edcil no determina una vida infeliz. &nbsp;<\/p>\n","protected":false},"author":1,"featured_media":314,"parent":0,"menu_order":0,"comment_status":"closed","ping_status":"closed","template":"","meta":{"jetpack_post_was_ever_published":false,"footnotes":""},"class_list":["post-178","page","type-page","status-publish","has-post-thumbnail","hentry"],"jetpack_sharing_enabled":true,"jetpack_shortlink":"https:\/\/wp.me\/P9arT9-2S","jetpack-related-posts":[{"id":103,"url":"https:\/\/toleranciacero.org.es\/web\/hazte-socio\/","url_meta":{"origin":178,"position":0},"title":"\u00bfQu\u00e9 puedes hacer t\u00fa?","author":"Tolerancia Cero","date":"08\/08\/2017","format":false,"excerpt":"Tu colaboraci\u00f3n es muy valiosa en la prevenci\u00f3n, diagn\u00f3stico e intervenci\u00f3n en favor de menores, adolescentes y j\u00f3venes afectados por trastornos derivados del consumo de alcohol, drogas o tabaco durante su gestaci\u00f3n, o derivados de experiencias traum\u00e1ticas consecuencias del abandono, la negligencia o los malos tratos. \u00a0 HAZTE \u00a0SOCIO\/A Elige\u2026","rel":"","context":"Entrada similar","block_context":{"text":"Entrada similar","link":""},"img":{"alt_text":"","src":"https:\/\/i0.wp.com\/toleranciacero.org.es\/web\/wp-content\/uploads\/2017\/08\/tolerancia003.jpg?resize=350%2C200&ssl=1","width":350,"height":200,"srcset":"https:\/\/i0.wp.com\/toleranciacero.org.es\/web\/wp-content\/uploads\/2017\/08\/tolerancia003.jpg?resize=350%2C200&ssl=1 1x, https:\/\/i0.wp.com\/toleranciacero.org.es\/web\/wp-content\/uploads\/2017\/08\/tolerancia003.jpg?resize=525%2C300&ssl=1 1.5x, https:\/\/i0.wp.com\/toleranciacero.org.es\/web\/wp-content\/uploads\/2017\/08\/tolerancia003.jpg?resize=700%2C400&ssl=1 2x"},"classes":[]}],"jetpack_likes_enabled":true,"_links":{"self":[{"href":"https:\/\/toleranciacero.org.es\/web\/wp-json\/wp\/v2\/pages\/178","targetHints":{"allow":["GET"]}}],"collection":[{"href":"https:\/\/toleranciacero.org.es\/web\/wp-json\/wp\/v2\/pages"}],"about":[{"href":"https:\/\/toleranciacero.org.es\/web\/wp-json\/wp\/v2\/types\/page"}],"author":[{"embeddable":true,"href":"https:\/\/toleranciacero.org.es\/web\/wp-json\/wp\/v2\/users\/1"}],"replies":[{"embeddable":true,"href":"https:\/\/toleranciacero.org.es\/web\/wp-json\/wp\/v2\/comments?post=178"}],"version-history":[{"count":10,"href":"https:\/\/toleranciacero.org.es\/web\/wp-json\/wp\/v2\/pages\/178\/revisions"}],"predecessor-version":[{"id":468,"href":"https:\/\/toleranciacero.org.es\/web\/wp-json\/wp\/v2\/pages\/178\/revisions\/468"}],"wp:featuredmedia":[{"embeddable":true,"href":"https:\/\/toleranciacero.org.es\/web\/wp-json\/wp\/v2\/media\/314"}],"wp:attachment":[{"href":"https:\/\/toleranciacero.org.es\/web\/wp-json\/wp\/v2\/media?parent=178"}],"curies":[{"name":"wp","href":"https:\/\/api.w.org\/{rel}","templated":true}]}}