{"id":385,"date":"2017-09-08T12:00:52","date_gmt":"2017-09-08T10:00:52","guid":{"rendered":"https:\/\/toleranciacero.org.es\/web\/?page_id=385"},"modified":"2017-09-08T12:00:52","modified_gmt":"2017-09-08T10:00:52","slug":"drogas","status":"publish","type":"page","link":"https:\/\/toleranciacero.org.es\/web\/drogas\/","title":{"rendered":"DROGAS"},"content":{"rendered":"<p>El riesgo del consumo de drogas es evidente en cualquier persona pero m\u00e1s todav\u00eda en el caso de las mujeres embarazadas. Las cuatro drogas ilegales m\u00e1s consumidas son: marihuana, \u00e9xtasis y otras anfetaminas, hero\u00edna y coca\u00edna. Su consumo durante el embarazo supone riesgos para el beb\u00e9.<\/p>\n<p>Generalmente las drogas pueden hacer que haya un mayor riesgo de aborto, que el beb\u00e9 tenga bajo peso, que sea prematuro, que tenga malformaciones cong\u00e9nitas, problemas de aprendizaje y de conducta, etc.<\/p>\n<p>Las malformaciones y defectos m\u00e1s comunes en los beb\u00e9s cuyas madres consumen drogas durante el embarazo son: espina b\u00edfida, atresia de es\u00f3fago, ausencia de ano, rotura de la pared abdominal, alteraciones cardiovasculares y malformaciones renales y urinarias.<\/p>\n<p>Efectos del cannabis<\/p>\n<p>El hach\u00eds y la marihuana atraviesan la barrera placentaria y pueden provocar:<\/p>\n<p>&#8211; Bajo peso en el reci\u00e9n nacido.<\/p>\n<p>&#8211; Alteraciones en las funciones cognitivas y mentales del beb\u00e9.<\/p>\n<p>&#8211; Aparici\u00f3n de trastornos de atenci\u00f3n e hiperactividad.<\/p>\n<p>El consumo de marihuana en el embarazo puede retrasar el crecimiento del feto y puede aumentar la posibilidad de tener un parto prematuro.<\/p>\n<p>Una vez nacidos, los beb\u00e9s expuestos a la marihuana durante el embarazo, presentan s\u00edntomas de dependencia, como temblores, trastornos del sue\u00f1o y llantos excesivos.<\/p>\n<p>Una mayor sensibilidad a la estimulaci\u00f3n, patrones de sue\u00f1o deficientes y mayor dificultad en la adaptaci\u00f3n al tacto y cambio de entorno son otras de las caracter\u00edsticas que presentan estos beb\u00e9s.<\/p>\n<p>Efectos de las anfetaminas y las drogas de s\u00edntesis<\/p>\n<p>El consumo de este tipo de drogas ha aumentado en los \u00faltimos a\u00f1os. Los estudios al respecto son pocos pero revelan que el consumo de estas drogas tiene un efecto negativo en el crecimiento fetal, aumentando el riesgo de defectos cardiacos, cong\u00e9nitos y fisura palatina con labio leporino por el consumo de estas drogas.<\/p>\n<p>El bajo peso de estos beb\u00e9s puede desencadenar en una mayor probabilidad de tener otros problemas, entre ellos de aprendizaje.<\/p>\n<p>Efectos de la coca\u00edna<\/p>\n<p>En los primeros meses de embarazo la coca\u00edna puede aumentar el riesgo de aborto espont\u00e1neo y en los \u00faltimos un parto prematuro con inmadurez fetal.<\/p>\n<p>El bajo peso tambi\u00e9n es una caracter\u00edstica de los hijos de madres que consumen esta droga. Los ni\u00f1os con bajo peso al nacer o de partos prematuros tienen una mayor probabilidad de tener problemas cognitivos, hiperactividad, trastornos de personalidad y mayor predisposici\u00f3n a padecer trastornos neuropsiqui\u00e1tricos en la edad adulta.<\/p>\n<p>En lo que respecta a la madre, el consumo de coca\u00edna puede causar desprendimiento de placenta. De ocurrir esto, se corre el riesgo de que no llegue al beb\u00e9 ox\u00edgeno suficiente, con las consiguientes consecuencias en su desarrollo neurol\u00f3gico.<\/p>\n<p>Efectos de los opi\u00e1ceos<\/p>\n<p>Los embarazos de mujeres que consumen opi\u00e1ceos son considerados como de alto riesgo, ya que son m\u00e1s frecuentes los abortos espont\u00e1neos, los partos prematuros o con retraso del crecimiento, as\u00ed como las muertes fetales intrauterinas.<\/p>\n<p>Otros problemas que se pueden dar son el bajo peso al nacer con problemas de incapacidades permanentes, problemas respiratorios y defectos cong\u00e9nitos.<\/p>\n<p>Una vez nacidos, pueden presentar diferentes s\u00edntomas como dependencia en los tres d\u00edas despu\u00e9s de nacer, estornudos, irritabilidad, diarrea, v\u00f3mitos, llanto continuo, convulsiones y fiebre. Entre el 60% y el 80% de los nacidos de madres heroin\u00f3manas presentan en el momento del nacimiento un s\u00edndrome de abstinencia y posteriormente problemas de aprendizaje y de conducta.<\/p>\n<p>La mayor\u00eda de las personas que consumen esta droga comparten jeringuillas, de forma que existe riesgo de contagio por el virus del SIDA y el de la hepatitis C. Al contraer estas enfermedades, las probabilidades de transmitirlas al beb\u00e9 durante el embarazo o el parto son altas.<\/p>\n","protected":false},"excerpt":{"rendered":"<p>El riesgo del consumo de drogas es evidente en cualquier persona pero m\u00e1s todav\u00eda en el caso de las mujeres embarazadas. Las cuatro drogas ilegales m\u00e1s consumidas son: marihuana, \u00e9xtasis y otras anfetaminas, hero\u00edna y coca\u00edna. Su consumo durante el embarazo supone riesgos para el beb\u00e9. Generalmente las drogas pueden hacer que haya un mayor [&hellip;]<\/p>\n","protected":false},"author":1,"featured_media":386,"parent":0,"menu_order":0,"comment_status":"closed","ping_status":"closed","template":"","meta":{"jetpack_post_was_ever_published":false,"footnotes":""},"class_list":["post-385","page","type-page","status-publish","has-post-thumbnail","hentry"],"jetpack_sharing_enabled":true,"jetpack_shortlink":"https:\/\/wp.me\/P9arT9-6d","jetpack-related-posts":[{"id":17,"url":"https:\/\/toleranciacero.org.es\/web\/acerca-de\/","url_meta":{"origin":385,"position":0},"title":"Qui\u00e9nes somos","author":"Tolerancia Cero","date":"27\/07\/2017","format":false,"excerpt":"MISI\u00d3N Conseguir diagn\u00f3sticos adecuados y los recursos necesarios para ayudar a los ni\u00f1os, adolescentes y j\u00f3venes cuyas madres consumieron alcohol drogas o tabaco durante el embarazo o\/y sufrieron desnutrici\u00f3n pre y postnatal, abusos, malos tratos, negligencia, etc. puesto que estas experiencias primeras afectan su vida presente y futura, tanto a\u2026","rel":"","context":"Entrada similar","block_context":{"text":"Entrada similar","link":""},"img":{"alt_text":"","src":"https:\/\/i0.wp.com\/toleranciacero.org.es\/web\/wp-content\/uploads\/2017\/07\/UIH.jpg?resize=350%2C200&ssl=1","width":350,"height":200,"srcset":"https:\/\/i0.wp.com\/toleranciacero.org.es\/web\/wp-content\/uploads\/2017\/07\/UIH.jpg?resize=350%2C200&ssl=1 1x, https:\/\/i0.wp.com\/toleranciacero.org.es\/web\/wp-content\/uploads\/2017\/07\/UIH.jpg?resize=525%2C300&ssl=1 1.5x, https:\/\/i0.wp.com\/toleranciacero.org.es\/web\/wp-content\/uploads\/2017\/07\/UIH.jpg?resize=700%2C400&ssl=1 2x"},"classes":[]},{"id":16,"url":"https:\/\/toleranciacero.org.es\/web\/inicio\/","url_meta":{"origin":385,"position":1},"title":"TOLERANCIA CERO","author":"Tolerancia Cero","date":"27\/07\/2017","format":false,"excerpt":"Trabajamos para difundir la necesidad de conseguir Tolerancia Cero al maltrato antes de nacer y Tolerancia Cero a la discriminaci\u00f3n y el maltrato institucional que, a veces, sufren aquellos ni\u00f1os, adolescentes, j\u00f3venes y adultos, que vivieron dichas experiencias traum\u00e1ticas en sus primeros 1.000 d\u00edas de vida. Nuestra misi\u00f3n es conseguir\u2026","rel":"","context":"Entrada similar","block_context":{"text":"Entrada similar","link":""},"img":{"alt_text":"","src":"https:\/\/i0.wp.com\/toleranciacero.org.es\/web\/wp-content\/uploads\/2017\/07\/a1.jpg?resize=350%2C200&ssl=1","width":350,"height":200,"srcset":"https:\/\/i0.wp.com\/toleranciacero.org.es\/web\/wp-content\/uploads\/2017\/07\/a1.jpg?resize=350%2C200&ssl=1 1x, https:\/\/i0.wp.com\/toleranciacero.org.es\/web\/wp-content\/uploads\/2017\/07\/a1.jpg?resize=525%2C300&ssl=1 1.5x, https:\/\/i0.wp.com\/toleranciacero.org.es\/web\/wp-content\/uploads\/2017\/07\/a1.jpg?resize=700%2C400&ssl=1 2x, https:\/\/i0.wp.com\/toleranciacero.org.es\/web\/wp-content\/uploads\/2017\/07\/a1.jpg?resize=1050%2C600&ssl=1 3x, https:\/\/i0.wp.com\/toleranciacero.org.es\/web\/wp-content\/uploads\/2017\/07\/a1.jpg?resize=1400%2C800&ssl=1 4x"},"classes":[]},{"id":376,"url":"https:\/\/toleranciacero.org.es\/web\/nutricion-y-desarrollo-cognitivo\/","url_meta":{"origin":385,"position":2},"title":"NUTRICI\u00d3N Y DESARROLLO COGNITIVO","author":"Tolerancia Cero","date":"08\/09\/2017","format":false,"excerpt":"La gen\u00e9tica, un ambiente estimulante y una nutrici\u00f3n adecuada son factores fundamentales para el desarrollo cognitivo. El efecto de una buena nutrici\u00f3n en el desarrollo del cerebro comienza antes de nacer, con la nutrici\u00f3n de la madre. La desnutrici\u00f3n y los efectos negativos en el cerebro durante el embarazo y\u2026","rel":"","context":"Entrada similar","block_context":{"text":"Entrada similar","link":""},"img":{"alt_text":"","src":"https:\/\/i0.wp.com\/toleranciacero.org.es\/web\/wp-content\/uploads\/2017\/08\/preview16.jpg?resize=350%2C200&ssl=1","width":350,"height":200,"srcset":"https:\/\/i0.wp.com\/toleranciacero.org.es\/web\/wp-content\/uploads\/2017\/08\/preview16.jpg?resize=350%2C200&ssl=1 1x, https:\/\/i0.wp.com\/toleranciacero.org.es\/web\/wp-content\/uploads\/2017\/08\/preview16.jpg?resize=525%2C300&ssl=1 1.5x, https:\/\/i0.wp.com\/toleranciacero.org.es\/web\/wp-content\/uploads\/2017\/08\/preview16.jpg?resize=700%2C400&ssl=1 2x"},"classes":[]},{"id":388,"url":"https:\/\/toleranciacero.org.es\/web\/tabaco\/","url_meta":{"origin":385,"position":3},"title":"TABACO","author":"Tolerancia Cero","date":"08\/09\/2017","format":false,"excerpt":"El consumo de tabaco provoca una reducci\u00f3n del peso, talla y per\u00edmetro craneal del reci\u00e9n nacido, ya que la nicotina atraviesa la placenta y act\u00faa directamente sobre el embri\u00f3n y el feto durante su desarrollo, condenando al feto a una peor nutrici\u00f3n, al reducir el aporte sangu\u00edneo a la placenta.\u2026","rel":"","context":"Entrada similar","block_context":{"text":"Entrada similar","link":""},"img":{"alt_text":"","src":"https:\/\/i0.wp.com\/toleranciacero.org.es\/web\/wp-content\/uploads\/2017\/09\/TABACO.jpg?resize=350%2C200&ssl=1","width":350,"height":200,"srcset":"https:\/\/i0.wp.com\/toleranciacero.org.es\/web\/wp-content\/uploads\/2017\/09\/TABACO.jpg?resize=350%2C200&ssl=1 1x, https:\/\/i0.wp.com\/toleranciacero.org.es\/web\/wp-content\/uploads\/2017\/09\/TABACO.jpg?resize=525%2C300&ssl=1 1.5x, https:\/\/i0.wp.com\/toleranciacero.org.es\/web\/wp-content\/uploads\/2017\/09\/TABACO.jpg?resize=700%2C400&ssl=1 2x"},"classes":[]},{"id":391,"url":"https:\/\/toleranciacero.org.es\/web\/alcohol\/","url_meta":{"origin":385,"position":4},"title":"ALCOHOL","author":"Tolerancia Cero","date":"08\/09\/2017","format":false,"excerpt":"Las consecuencias del consumo de alcohol durante la gestaci\u00f3n se conocen como S\u00edndrome Alcoh\u00f3lico Fetal (SAF). Es importante conocer los efectos de su consumo en el feto en formaci\u00f3n y su posterior repercusi\u00f3n en el aprendizaje escolar, ya que en algunos de los pa\u00edses de origen de ni\u00f1os\/as adoptados, los\u2026","rel":"","context":"Entrada similar","block_context":{"text":"Entrada similar","link":""},"img":{"alt_text":"","src":"https:\/\/i0.wp.com\/toleranciacero.org.es\/web\/wp-content\/uploads\/2017\/09\/alc.jpg?resize=350%2C200&ssl=1","width":350,"height":200,"srcset":"https:\/\/i0.wp.com\/toleranciacero.org.es\/web\/wp-content\/uploads\/2017\/09\/alc.jpg?resize=350%2C200&ssl=1 1x, https:\/\/i0.wp.com\/toleranciacero.org.es\/web\/wp-content\/uploads\/2017\/09\/alc.jpg?resize=525%2C300&ssl=1 1.5x, https:\/\/i0.wp.com\/toleranciacero.org.es\/web\/wp-content\/uploads\/2017\/09\/alc.jpg?resize=700%2C400&ssl=1 2x"},"classes":[]},{"id":379,"url":"https:\/\/toleranciacero.org.es\/web\/trastornos-de-apego\/","url_meta":{"origin":385,"position":5},"title":"El Trastorno Reactivo de Vinculaci\u00f3n","author":"Tolerancia Cero","date":"08\/09\/2017","format":false,"excerpt":"El primero en desarrollar una teor\u00eda del apego fue John Bowlby . Seg\u00fan esta teor\u00eda, los ni\u00f1os est\u00e1n desde el principio emocionalmente apegados a sus cuidadores, primordialmente la madre, y emocionalmente angustiados cuando son separados de ellos. Seg\u00fan Bowlby, esta conducta est\u00e1 regulada por el sistema nervioso central y est\u00e1\u2026","rel":"","context":"Entrada similar","block_context":{"text":"Entrada similar","link":""},"img":{"alt_text":"","src":"https:\/\/i0.wp.com\/toleranciacero.org.es\/web\/wp-content\/uploads\/2017\/08\/stockvault-child-by-the-road126328.jpg?resize=350%2C200&ssl=1","width":350,"height":200,"srcset":"https:\/\/i0.wp.com\/toleranciacero.org.es\/web\/wp-content\/uploads\/2017\/08\/stockvault-child-by-the-road126328.jpg?resize=350%2C200&ssl=1 1x, https:\/\/i0.wp.com\/toleranciacero.org.es\/web\/wp-content\/uploads\/2017\/08\/stockvault-child-by-the-road126328.jpg?resize=525%2C300&ssl=1 1.5x, https:\/\/i0.wp.com\/toleranciacero.org.es\/web\/wp-content\/uploads\/2017\/08\/stockvault-child-by-the-road126328.jpg?resize=700%2C400&ssl=1 2x"},"classes":[]}],"jetpack_likes_enabled":true,"_links":{"self":[{"href":"https:\/\/toleranciacero.org.es\/web\/wp-json\/wp\/v2\/pages\/385","targetHints":{"allow":["GET"]}}],"collection":[{"href":"https:\/\/toleranciacero.org.es\/web\/wp-json\/wp\/v2\/pages"}],"about":[{"href":"https:\/\/toleranciacero.org.es\/web\/wp-json\/wp\/v2\/types\/page"}],"author":[{"embeddable":true,"href":"https:\/\/toleranciacero.org.es\/web\/wp-json\/wp\/v2\/users\/1"}],"replies":[{"embeddable":true,"href":"https:\/\/toleranciacero.org.es\/web\/wp-json\/wp\/v2\/comments?post=385"}],"version-history":[{"count":1,"href":"https:\/\/toleranciacero.org.es\/web\/wp-json\/wp\/v2\/pages\/385\/revisions"}],"predecessor-version":[{"id":387,"href":"https:\/\/toleranciacero.org.es\/web\/wp-json\/wp\/v2\/pages\/385\/revisions\/387"}],"wp:featuredmedia":[{"embeddable":true,"href":"https:\/\/toleranciacero.org.es\/web\/wp-json\/wp\/v2\/media\/386"}],"wp:attachment":[{"href":"https:\/\/toleranciacero.org.es\/web\/wp-json\/wp\/v2\/media?parent=385"}],"curies":[{"name":"wp","href":"https:\/\/api.w.org\/{rel}","templated":true}]}}