{"id":391,"date":"2017-09-08T12:06:03","date_gmt":"2017-09-08T10:06:03","guid":{"rendered":"https:\/\/toleranciacero.org.es\/web\/?page_id=391"},"modified":"2017-09-08T12:06:03","modified_gmt":"2017-09-08T10:06:03","slug":"alcohol","status":"publish","type":"page","link":"https:\/\/toleranciacero.org.es\/web\/alcohol\/","title":{"rendered":"ALCOHOL"},"content":{"rendered":"<p>Las consecuencias del consumo de alcohol durante la gestaci\u00f3n se conocen como <strong>S\u00edndrome Alcoh\u00f3lico Fetal (SAF)<\/strong>. Es importante conocer los efectos de su consumo en el feto en formaci\u00f3n y su posterior repercusi\u00f3n en el aprendizaje escolar, ya que en algunos de los pa\u00edses de origen de ni\u00f1os\/as adoptados, los \u00edndices de alcoholismo son muy altos.<\/p>\n<p>La ingesta de alcohol durante el embarazo afecta al feto produciendo defectos cong\u00e9nitos irreversibles. Las \u00e1reas del cerebro que se ven m\u00e1s afectadas por el consumo de alcohol son: el Cuerpo Calloso, el Hipocampo, el Hipot\u00e1lamo, el Cerebelo, los Ganglios Basales y los L\u00f3bulos Frontales.<\/p>\n<p>* El Cuerpo Calloso es el encargado de pasar informaci\u00f3n del hemisferio izquierdo (l\u00f3gica, reglas, etc.) al hemisferio derecho (impulsos, sentimientos, etc.). El cuerpo calloso de un ni\u00f1o cuya madre haya consumido alcohol durante embarazo puede ser m\u00e1s peque\u00f1o de lo normal y en algunos casos es casi inexistente.<\/p>\n<p>* El Hipocampo juega un papel fundamental en la memoria, el aprendizaje y las emociones.<\/p>\n<p>* El Hipot\u00e1lamo controla el apetito, las emociones, la temperatura y la sensaci\u00f3n de dolor.<\/p>\n<p>* El Cerebelo controla la coordinaci\u00f3n, el movimiento, la conducta y la memoria.<\/p>\n<p>* Los Ganglios Basales afectan a la memoria espacial y a conductas como la perseverancia, el trabajar para conseguir una meta, predecir los resultados de una conducta y la percepci\u00f3n del tiempo.<\/p>\n<p>* Los L\u00f3bulos Frontales controlan los impulsos y el juicio. El da\u00f1o m\u00e1s notable probablemente ocurre en el Cortex Prefrontal, que controla lo que se conoce como Funciones Ejecutivas.<\/p>\n<p>Las Funciones Ejecutivas son las aquellas que nos permiten dirigir nuestra conducta hacia un fin y comprenden la atenci\u00f3n, planificaci\u00f3n, secuenciaci\u00f3n y reorientaci\u00f3n sobre nuestros actos.<\/p>\n<p>Los L\u00f3bulos Frontales son, asimismo, los encargados de tomar la informaci\u00f3n de todas las dem\u00e1s estructuras y coordinarlas para actuar de forma conjunta. Se les ha comparado con un director de orquesta. Los L\u00f3bulos Frontales tambi\u00e9n est\u00e1n muy implicados en los componentes motivacionales y conductuales del sujeto, por lo que si se produce un da\u00f1o en esta estructura puede suceder que el ni\u00f1o\/a mantenga una apariencia de normalidad al no existir d\u00e9ficits motrices, de habla, de memoria o incluso de razonamiento, existiendo, sin embargo un importante d\u00e9ficit en las capacidades sociales y conductuales. Este tipo de ni\u00f1os puede ser por un lado, ap\u00e1ticos, inhibidos, etc., o por el contrario impulsivos, poco considerados, socialmente incompetentes, etc.<\/p>\n<p>&nbsp;<\/p>\n<p><img loading=\"lazy\" decoding=\"async\" class=\"aligncenter wp-image-41 size-full\" src=\"https:\/\/toleranciacero.org.es\/web\/wp-content\/uploads\/2017\/07\/img1.jpg\" alt=\"\" width=\"500\" height=\"242\" srcset=\"https:\/\/toleranciacero.org.es\/web\/wp-content\/uploads\/2017\/07\/img1.jpg 500w, https:\/\/toleranciacero.org.es\/web\/wp-content\/uploads\/2017\/07\/img1-300x145.jpg 300w\" sizes=\"auto, (max-width: 500px) 100vw, 500px\" \/><br \/>\nLos beb\u00e9s con SAF pueden experimentar las siguientes caracter\u00edsticas, de leves a severas, dependiendo del tiempo de exposici\u00f3n y de la cantidad de alcohol ingerida por la madre gestante:<\/p>\n<ul>\n<li>Retardo en el crecimiento intrauterino: deficiencias en el crecimiento del feto y del reci\u00e9n nacido en todos los par\u00e1metros (per\u00edmetro cef\u00e1lico, peso, talla)<\/li>\n<\/ul>\n<p>&nbsp;<\/p>\n<ul>\n<li>Caracter\u00edsticas faciales peculiares como cabeza m\u00e1s peque\u00f1a de lo normal (microcefalia), maxilar superior peque\u00f1o, nariz peque\u00f1a y curvada hacia arriba, surco labial (ranura en el labio superior) liso, labio suprior liso y delgado y ojos peque\u00f1os, rasgados y de aspecto extra\u00f1o con pliegues del epicanto prominentes.<\/li>\n<\/ul>\n<p><img loading=\"lazy\" decoding=\"async\" class=\"aligncenter wp-image-70 size-full\" src=\"https:\/\/toleranciacero.org.es\/web\/wp-content\/uploads\/2017\/07\/tolerancia001.jpg\" alt=\"\" width=\"532\" height=\"285\" srcset=\"https:\/\/toleranciacero.org.es\/web\/wp-content\/uploads\/2017\/07\/tolerancia001.jpg 532w, https:\/\/toleranciacero.org.es\/web\/wp-content\/uploads\/2017\/07\/tolerancia001-300x161.jpg 300w\" sizes=\"auto, (max-width: 532px) 100vw, 532px\" \/><\/p>\n<p>&nbsp;<\/p>\n<ul>\n<li>Defectos cardiacos como la comunicaci\u00f3n interventricular o la comunicaci\u00f3n interauricular.<\/li>\n<\/ul>\n<p>&nbsp;<\/p>\n<ul>\n<li>Anormalidades en algunas partes de las extremidades como en las articulaciones, las manos, los pies, los dedos de las manos y los dedos de los pies. Son defectos menores, pero que pueden restringir los movimientos y dar lugar a cierta torpeza motriz<\/li>\n<\/ul>\n<p>&nbsp;<\/p>\n<ul>\n<li>Dientes proclives a tener caries<\/li>\n<\/ul>\n<p>&nbsp;<\/p>\n<ul>\n<li>Problemas de visi\u00f3n<\/li>\n<\/ul>\n<p>&nbsp;<\/p>\n<ul>\n<li>Infecciones frecuente de o\u00eddo<\/li>\n<\/ul>\n<p>&nbsp;<\/p>\n<p>A media que el ni\u00f1o crece puede desarrollar s\u00edntomas tales como:<br \/>\n&#8211; Dificultad para comer y dormir<br \/>\n&#8211; Retraso para aprender a hablar<br \/>\n&#8211; Problemas de aprendizaje<br \/>\n&#8211; Hiperactividad<br \/>\n&#8211; Bajo cociente intelectual<br \/>\n&#8211; Poca coordinaci\u00f3n<br \/>\n&#8211; Rango corto de atenci\u00f3n<br \/>\n&#8211; Problemas de comportamiento<br \/>\n&#8211; Poca capacidad para controlar los impulsos<br \/>\n&#8211; Problemas para socializar con otros ni\u00f1os<\/p>\n<p>El SAF afecta, por tanto, de manera importante el rendimiento escolar de los menores, aunque pueda no ser tan evidente como otros s\u00edndromes.<\/p>\n<p>De todos los ni\u00f1os con necesidades especiales, aquellos que tienen SAF son los que menos parece que tengan ninguna necesidad especial. Si no se aportan ayudas a estas necesidades, el sistema educativo puede ser injustamente punitivo con ellos.<\/p>\n<p>No existe un tratamiento espec\u00edfico para el SAF, por lo que es importante hacer un diagn\u00f3stico precoz y una intervenci\u00f3n temprana para que los ni\u00f1os reciban ayuda en el aprendizaje escolar y el \u00e1rea social. La estabilidad familiar tambi\u00e9n es fundamental.<\/p>\n<p>Para los menores afectados de SAF, hacer las cosas bien es hacerlas lo mejor que sus posibilidades le permitan.<\/p>\n<p>Si quieres recibir gratuitamente SAF. Gu\u00eda educativa para la escuela <a href=\"mailto:consultas@toleranciacero.org.es\" target=\"_blank\" rel=\"noopener\">pincha aqu\u00ed.<\/a><\/p>\n","protected":false},"excerpt":{"rendered":"<p>Las consecuencias del consumo de alcohol durante la gestaci\u00f3n se conocen como S\u00edndrome Alcoh\u00f3lico Fetal (SAF). Es importante conocer los efectos de su consumo en el feto en formaci\u00f3n y su posterior repercusi\u00f3n en el aprendizaje escolar, ya que en algunos de los pa\u00edses de origen de ni\u00f1os\/as adoptados, los \u00edndices de alcoholismo son muy [&hellip;]<\/p>\n","protected":false},"author":1,"featured_media":392,"parent":0,"menu_order":0,"comment_status":"closed","ping_status":"closed","template":"","meta":{"footnotes":""},"class_list":["post-391","page","type-page","status-publish","has-post-thumbnail","hentry"],"jetpack_sharing_enabled":true,"jetpack_shortlink":"https:\/\/wp.me\/P9arT9-6j","jetpack-related-posts":[{"id":17,"url":"https:\/\/toleranciacero.org.es\/web\/acerca-de\/","url_meta":{"origin":391,"position":0},"title":"Qui\u00e9nes somos","author":"Tolerancia Cero","date":"27\/07\/2017","format":false,"excerpt":"MISI\u00d3N Conseguir diagn\u00f3sticos adecuados y los recursos necesarios para ayudar a los ni\u00f1os, adolescentes y j\u00f3venes cuyas madres consumieron alcohol drogas o tabaco durante el embarazo o\/y sufrieron desnutrici\u00f3n pre y postnatal, abusos, malos tratos, negligencia, etc. puesto que estas experiencias primeras afectan su vida presente y futura, tanto a\u2026","rel":"","context":"Entrada similar","block_context":{"text":"Entrada similar","link":""},"img":{"alt_text":"","src":"https:\/\/i0.wp.com\/toleranciacero.org.es\/web\/wp-content\/uploads\/2017\/07\/UIH.jpg?resize=350%2C200&ssl=1","width":350,"height":200,"srcset":"https:\/\/i0.wp.com\/toleranciacero.org.es\/web\/wp-content\/uploads\/2017\/07\/UIH.jpg?resize=350%2C200&ssl=1 1x, https:\/\/i0.wp.com\/toleranciacero.org.es\/web\/wp-content\/uploads\/2017\/07\/UIH.jpg?resize=525%2C300&ssl=1 1.5x, https:\/\/i0.wp.com\/toleranciacero.org.es\/web\/wp-content\/uploads\/2017\/07\/UIH.jpg?resize=700%2C400&ssl=1 2x"},"classes":[]},{"id":16,"url":"https:\/\/toleranciacero.org.es\/web\/inicio\/","url_meta":{"origin":391,"position":1},"title":"TOLERANCIA CERO","author":"Tolerancia Cero","date":"27\/07\/2017","format":false,"excerpt":"Trabajamos para difundir la necesidad de conseguir Tolerancia Cero al maltrato antes de nacer y Tolerancia Cero a la discriminaci\u00f3n y el maltrato institucional que, a veces, sufren aquellos ni\u00f1os, adolescentes, j\u00f3venes y adultos, que vivieron dichas experiencias traum\u00e1ticas en sus primeros 1.000 d\u00edas de vida. Nuestra misi\u00f3n es conseguir\u2026","rel":"","context":"Entrada similar","block_context":{"text":"Entrada similar","link":""},"img":{"alt_text":"","src":"https:\/\/i0.wp.com\/toleranciacero.org.es\/web\/wp-content\/uploads\/2017\/07\/a1.jpg?resize=350%2C200&ssl=1","width":350,"height":200,"srcset":"https:\/\/i0.wp.com\/toleranciacero.org.es\/web\/wp-content\/uploads\/2017\/07\/a1.jpg?resize=350%2C200&ssl=1 1x, https:\/\/i0.wp.com\/toleranciacero.org.es\/web\/wp-content\/uploads\/2017\/07\/a1.jpg?resize=525%2C300&ssl=1 1.5x, https:\/\/i0.wp.com\/toleranciacero.org.es\/web\/wp-content\/uploads\/2017\/07\/a1.jpg?resize=700%2C400&ssl=1 2x, https:\/\/i0.wp.com\/toleranciacero.org.es\/web\/wp-content\/uploads\/2017\/07\/a1.jpg?resize=1050%2C600&ssl=1 3x, https:\/\/i0.wp.com\/toleranciacero.org.es\/web\/wp-content\/uploads\/2017\/07\/a1.jpg?resize=1400%2C800&ssl=1 4x"},"classes":[]},{"id":385,"url":"https:\/\/toleranciacero.org.es\/web\/drogas\/","url_meta":{"origin":391,"position":2},"title":"DROGAS","author":"Tolerancia Cero","date":"08\/09\/2017","format":false,"excerpt":"El riesgo del consumo de drogas es evidente en cualquier persona pero m\u00e1s todav\u00eda en el caso de las mujeres embarazadas. Las cuatro drogas ilegales m\u00e1s consumidas son: marihuana, \u00e9xtasis y otras anfetaminas, hero\u00edna y coca\u00edna. Su consumo durante el embarazo supone riesgos para el beb\u00e9. Generalmente las drogas pueden\u2026","rel":"","context":"Entrada similar","block_context":{"text":"Entrada similar","link":""},"img":{"alt_text":"","src":"https:\/\/i0.wp.com\/toleranciacero.org.es\/web\/wp-content\/uploads\/2017\/09\/drugs-1-1539948.jpg?resize=350%2C200&ssl=1","width":350,"height":200,"srcset":"https:\/\/i0.wp.com\/toleranciacero.org.es\/web\/wp-content\/uploads\/2017\/09\/drugs-1-1539948.jpg?resize=350%2C200&ssl=1 1x, https:\/\/i0.wp.com\/toleranciacero.org.es\/web\/wp-content\/uploads\/2017\/09\/drugs-1-1539948.jpg?resize=525%2C300&ssl=1 1.5x, https:\/\/i0.wp.com\/toleranciacero.org.es\/web\/wp-content\/uploads\/2017\/09\/drugs-1-1539948.jpg?resize=700%2C400&ssl=1 2x"},"classes":[]},{"id":388,"url":"https:\/\/toleranciacero.org.es\/web\/tabaco\/","url_meta":{"origin":391,"position":3},"title":"TABACO","author":"Tolerancia Cero","date":"08\/09\/2017","format":false,"excerpt":"El consumo de tabaco provoca una reducci\u00f3n del peso, talla y per\u00edmetro craneal del reci\u00e9n nacido, ya que la nicotina atraviesa la placenta y act\u00faa directamente sobre el embri\u00f3n y el feto durante su desarrollo, condenando al feto a una peor nutrici\u00f3n, al reducir el aporte sangu\u00edneo a la placenta.\u2026","rel":"","context":"Entrada similar","block_context":{"text":"Entrada similar","link":""},"img":{"alt_text":"","src":"https:\/\/i0.wp.com\/toleranciacero.org.es\/web\/wp-content\/uploads\/2017\/09\/TABACO.jpg?resize=350%2C200&ssl=1","width":350,"height":200,"srcset":"https:\/\/i0.wp.com\/toleranciacero.org.es\/web\/wp-content\/uploads\/2017\/09\/TABACO.jpg?resize=350%2C200&ssl=1 1x, https:\/\/i0.wp.com\/toleranciacero.org.es\/web\/wp-content\/uploads\/2017\/09\/TABACO.jpg?resize=525%2C300&ssl=1 1.5x, https:\/\/i0.wp.com\/toleranciacero.org.es\/web\/wp-content\/uploads\/2017\/09\/TABACO.jpg?resize=700%2C400&ssl=1 2x"},"classes":[]},{"id":379,"url":"https:\/\/toleranciacero.org.es\/web\/trastornos-de-apego\/","url_meta":{"origin":391,"position":4},"title":"El Trastorno Reactivo de Vinculaci\u00f3n","author":"Tolerancia Cero","date":"08\/09\/2017","format":false,"excerpt":"El primero en desarrollar una teor\u00eda del apego fue John Bowlby . Seg\u00fan esta teor\u00eda, los ni\u00f1os est\u00e1n desde el principio emocionalmente apegados a sus cuidadores, primordialmente la madre, y emocionalmente angustiados cuando son separados de ellos. Seg\u00fan Bowlby, esta conducta est\u00e1 regulada por el sistema nervioso central y est\u00e1\u2026","rel":"","context":"Entrada similar","block_context":{"text":"Entrada similar","link":""},"img":{"alt_text":"","src":"https:\/\/i0.wp.com\/toleranciacero.org.es\/web\/wp-content\/uploads\/2017\/08\/stockvault-child-by-the-road126328.jpg?resize=350%2C200&ssl=1","width":350,"height":200,"srcset":"https:\/\/i0.wp.com\/toleranciacero.org.es\/web\/wp-content\/uploads\/2017\/08\/stockvault-child-by-the-road126328.jpg?resize=350%2C200&ssl=1 1x, https:\/\/i0.wp.com\/toleranciacero.org.es\/web\/wp-content\/uploads\/2017\/08\/stockvault-child-by-the-road126328.jpg?resize=525%2C300&ssl=1 1.5x, https:\/\/i0.wp.com\/toleranciacero.org.es\/web\/wp-content\/uploads\/2017\/08\/stockvault-child-by-the-road126328.jpg?resize=700%2C400&ssl=1 2x"},"classes":[]},{"id":376,"url":"https:\/\/toleranciacero.org.es\/web\/nutricion-y-desarrollo-cognitivo\/","url_meta":{"origin":391,"position":5},"title":"NUTRICI\u00d3N Y DESARROLLO COGNITIVO","author":"Tolerancia Cero","date":"08\/09\/2017","format":false,"excerpt":"La gen\u00e9tica, un ambiente estimulante y una nutrici\u00f3n adecuada son factores fundamentales para el desarrollo cognitivo. El efecto de una buena nutrici\u00f3n en el desarrollo del cerebro comienza antes de nacer, con la nutrici\u00f3n de la madre. La desnutrici\u00f3n y los efectos negativos en el cerebro durante el embarazo y\u2026","rel":"","context":"Entrada similar","block_context":{"text":"Entrada similar","link":""},"img":{"alt_text":"","src":"https:\/\/i0.wp.com\/toleranciacero.org.es\/web\/wp-content\/uploads\/2017\/08\/preview16.jpg?resize=350%2C200&ssl=1","width":350,"height":200,"srcset":"https:\/\/i0.wp.com\/toleranciacero.org.es\/web\/wp-content\/uploads\/2017\/08\/preview16.jpg?resize=350%2C200&ssl=1 1x, https:\/\/i0.wp.com\/toleranciacero.org.es\/web\/wp-content\/uploads\/2017\/08\/preview16.jpg?resize=525%2C300&ssl=1 1.5x, https:\/\/i0.wp.com\/toleranciacero.org.es\/web\/wp-content\/uploads\/2017\/08\/preview16.jpg?resize=700%2C400&ssl=1 2x"},"classes":[]}],"jetpack_likes_enabled":true,"_links":{"self":[{"href":"https:\/\/toleranciacero.org.es\/web\/wp-json\/wp\/v2\/pages\/391","targetHints":{"allow":["GET"]}}],"collection":[{"href":"https:\/\/toleranciacero.org.es\/web\/wp-json\/wp\/v2\/pages"}],"about":[{"href":"https:\/\/toleranciacero.org.es\/web\/wp-json\/wp\/v2\/types\/page"}],"author":[{"embeddable":true,"href":"https:\/\/toleranciacero.org.es\/web\/wp-json\/wp\/v2\/users\/1"}],"replies":[{"embeddable":true,"href":"https:\/\/toleranciacero.org.es\/web\/wp-json\/wp\/v2\/comments?post=391"}],"version-history":[{"count":1,"href":"https:\/\/toleranciacero.org.es\/web\/wp-json\/wp\/v2\/pages\/391\/revisions"}],"predecessor-version":[{"id":393,"href":"https:\/\/toleranciacero.org.es\/web\/wp-json\/wp\/v2\/pages\/391\/revisions\/393"}],"wp:featuredmedia":[{"embeddable":true,"href":"https:\/\/toleranciacero.org.es\/web\/wp-json\/wp\/v2\/media\/392"}],"wp:attachment":[{"href":"https:\/\/toleranciacero.org.es\/web\/wp-json\/wp\/v2\/media?parent=391"}],"curies":[{"name":"wp","href":"https:\/\/api.w.org\/{rel}","templated":true}]}}