{"id":94,"date":"2017-08-08T12:14:34","date_gmt":"2017-08-08T10:14:34","guid":{"rendered":"https:\/\/toleranciacero.org.es\/web\/?page_id=94"},"modified":"2020-01-19T10:25:26","modified_gmt":"2020-01-19T08:25:26","slug":"servicios","status":"publish","type":"page","link":"https:\/\/toleranciacero.org.es\/web\/servicios\/","title":{"rendered":"Servicios"},"content":{"rendered":"<h3>GRUPO VIRTUAL DE APOYO EMOCIONAL<\/h3>\n<p>Las caracter\u00edsticas espec\u00edficas del SAF,TEAF, TA, etc., unido al car\u00e1cter cr\u00f3nico y discapacitante de un elevado porcentaje de los mismos, hace que el apoyo emocional sea fundamental para las familias.<\/p>\n<p>Se trata de un espacio de intercambio de experiencias y conocimientos donde las familias pueden compartir estrategias de afrontamiento de diferentes situaciones que se pueden encontrar en el d\u00eda a d\u00eda. Los grupos de ayuda tambi\u00e9n fomentan un sentimiento de pertenencia y a nivel individual incrementa la autoestima y crea un sentimiento mayor de control emocional.<\/p>\n<p>Al tratarse de problemas pr\u00e1cticamente desconocidos para la mayor\u00eda de los profesionales de la ense\u00f1anza, la salud, la justicia, etc. no se contemplan sus efectos en la vida diaria de estos ni\u00f1os, por lo que las familias que tienen hijos afectados de SAF, TEAF, Trastorno de Apego, etc. se tienen que enfrentar a retos y desaf\u00edos muy estresantes, que generan frustraci\u00f3n, impotencia, rabia, tristeza, soledad, etc.<\/p>\n<p>Algunas de las situaciones con las que se encuentra son las siguientes:<\/p>\n<ul>\n<li>Las habilidades parentales normales, no funcionan con estos ni\u00f1os.<\/li>\n<li>Muchas personas consideran que no saben educar adecuadamente a sus hijos y les hacen responsables de sus conductas disruptivas, agresiones, etc.<\/li>\n<li>Desconocimiento por parte de los profesionales de la ense\u00f1anza, con lo cual la escuela se convierte en una fuente diaria de problemas y conflictos, tanto con sus iguales como con los aprendizajes escolares. Lo mismo ocurre a la hora de hacer los deberes, preparar ex\u00e1menes, etc., ya que estos ni\u00f1os necesitan una constante repetici\u00f3n de lo que se supone que ya han aprendido, tienen problemas con las actividades mentales, la autorregulaci\u00f3n, no relacionan experiencias de causa-efecto, debido a su falta de concentraci\u00f3n pueden parecer como poco motivados para el aprendizaje, bajo presi\u00f3n se muestran testarudos e irritables, etc.<\/li>\n<li>Las familias suelen pasar a\u00f1os, peregrinando de profesional en profesional, hasta que consiguen un diagn\u00f3stico del S\u00edndrome. En la mayor\u00eda de los casos se les diagnostica de TDAH. Aunque tienen rasgos comunes, se trata de s\u00edndromes mucho m\u00e1s complejos.<\/li>\n<li>Reciben constantes notas negativas por conductas inadecuadas de sus hijos, por parte de profesores, miembros de la familia, amigos, etc.<\/li>\n<li>Al llegar a la adolescencia y la edad adulta pueden tener adicciones, conductas delictivas, etc. Como el sistema judicial (abogados, jueces, fiscales, etc.) desconoce las caracter\u00edsticas de estos s\u00edndromes, se termina por criminalizar la discapacidad.<\/li>\n<li>El tr\u00e1nsito a la adolescencia y a la vida adulta es una fuente constante de angustia para las familias porque en la mayor\u00eda de los casos m\u00e1s graves no pueden llevar una vida aut\u00f3noma e independiente y las familias carecen de ayudas y apoyos por parte de la Administraci\u00f3n. Tienen dificultades para llevar las finanzas personales, para comprender y obedecer las leyes, para usar el transporte p\u00fablico, tendencia a entrar en situaciones peligrosas, incapacidad para seguir instrucciones, etc.)<\/li>\n<\/ul>\n<p>En estas circunstancias, desde TOLERANCIA CERO creemos necesario crear grupos de apoyo que ayuden a las familias a gestionar los desaf\u00edos que supone criar a hijos con estas problem\u00e1ticas.<\/p>\n<p>Puesto que las familias afectadas se encuentran repartidas por todo el territorio nacional, dadas las posibilidades que nos ofrecen hoy las nuevas tecnolog\u00edas, se trata de grupos de apoyo virtual que ofrecen estrategias, recursos y sugerencias a las familias para gestionar las dificultades y retos con los que se encuentran en el d\u00eda a d\u00eda de sus hijos. Adem\u00e1s, tan importante es cuidarlos a ellos como que los cuidadores aprendan a cuidarse s\u00ed mismos, por lo que el grupo de apoyo tambi\u00e9n servir\u00e1 para aprender a gestionar el desgaste propio de la persona cuidadora.<\/p>\n<p>En la primera parte de cada sesi\u00f3n se ofrecer\u00e1 informaci\u00f3n de inter\u00e9s sobre distintos aspectos de la vida de las personas afectadas. La segunda parte se dedicar\u00e1 a responder preguntas y dudas, compartir experiencias, hacer comentarios, etc. que los socios hayan enviado previamente o que surjan a lo largo del encuentro virtual, que se graba para aquellas personas que no pueden participar en directo.<\/p>\n<table  class=\" table table-hover\" >\n<tbody>\n<tr>\n<td>Duranci\u00f3n<\/td>\n<td>1 hora<\/td>\n<\/tr>\n<tr>\n<td>Periodicidad<\/td>\n<td>Mensual<\/td>\n<\/tr>\n<tr>\n<td>Lugar<\/td>\n<td>En tu propio hogar a trav\u00e9s de Internet<\/td>\n<\/tr>\n<\/tbody>\n<\/table>\n<p>No se requieren conocimientos inform\u00e1ticos. Se accede al grupo a trav\u00e9s de un enlace que se recibe por email.<\/p>\n<p><img loading=\"lazy\" decoding=\"async\" class=\"alignnone wp-image-245 size-medium\" src=\"https:\/\/toleranciacero.org.es\/web\/wp-content\/uploads\/2017\/08\/trabajando-en-la-oficina_1150-128-300x180.jpg\" alt=\"\" width=\"300\" height=\"180\" srcset=\"https:\/\/toleranciacero.org.es\/web\/wp-content\/uploads\/2017\/08\/trabajando-en-la-oficina_1150-128-300x180.jpg 300w, https:\/\/toleranciacero.org.es\/web\/wp-content\/uploads\/2017\/08\/trabajando-en-la-oficina_1150-128.jpg 768w\" sizes=\"auto, (max-width: 300px) 100vw, 300px\" \/><\/p>\n<h3>ASESORAMIENTO<\/h3>\n<p>La solicitudes de orientaci\u00f3n y asesoramiento por parte de los socios se realizar\u00e1n a trav\u00e9s de correo electr\u00f3nico, que se remitir\u00e1 a la cuenta:\u00a0<a href=\"mailto:consultas@toleranciacero.org.es\">consultas@toleranciacero.org.es<\/a> y se contestar\u00e1n por la misma v\u00eda.<\/p>\n<p>Las personas que soliciten este servicio se hacen responsables de la veracidad y legalidad de los hechos, documentos, informaci\u00f3n o materiales aportados.<\/p>\n<p>TOLERANCIA CERO aplicar\u00e1 estrictamente la legislaci\u00f3n sobre protecci\u00f3n de datos y el deber de confidencialidad de toda la informaci\u00f3n que pudiera recibir por esta v\u00eda.<\/p>\n<h4>\u00a0<img loading=\"lazy\" decoding=\"async\" class=\"alignnone wp-image-247 size-full\" src=\"https:\/\/toleranciacero.org.es\/web\/wp-content\/uploads\/2017\/08\/letrero-de-calle_1359-314.jpg\" alt=\"\" width=\"768\" height=\"461\" srcset=\"https:\/\/toleranciacero.org.es\/web\/wp-content\/uploads\/2017\/08\/letrero-de-calle_1359-314.jpg 768w, https:\/\/toleranciacero.org.es\/web\/wp-content\/uploads\/2017\/08\/letrero-de-calle_1359-314-300x180.jpg 300w\" sizes=\"auto, (max-width: 768px) 100vw, 768px\" \/><\/h4>\n<h4>Asesoramiento Educativo<\/h4>\n<p>TOLERANCIA CERO informa y asesora a los socios de las distintas etapas educativas y<br \/>\nlos distintos dict\u00e1menes de escolarizaci\u00f3n que realizan los Equipos de Orientaci\u00f3n Educativa, las distintas modalidades de escolarizaci\u00f3n, becas y ayudas, as\u00ed como procedimientos para la valoraci\u00f3n de la discapacidad.<\/p>\n<p>TOLERANCIA CERO trabaja con los profesionales de la ense\u00f1anza, Consejer\u00edas de Educaci\u00f3n y dem\u00e1s instancias educativas para dar a conocer las necesidades en el campo de la educaci\u00f3n de los menores afectados por s\u00edndromes poco conocidos como SAF, TEAF, Trastorno de apego, secuelas de la malnutrici\u00f3n pre y postnatal, etc.<\/p>\n<h4><\/h4>\n<h4>Asesoramiento Sanitario<\/h4>\n<p>TOLERANCIA CERO informa y asesora a los socios sobre profesionales de la salud y hospitales de referencia para acceder a un diagn\u00f3stico preciso del problema para evitar el peregrinaje por distintos especialistas, ya que un diagn\u00f3stico precoz y acertado es fundamental para la evoluci\u00f3n favorable de las personas afectadas y sus familias.<\/p>\n<h4><\/h4>\n<h4>Asesoramiento Judicial<\/h4>\n<p>Las personas afectadas de S\u00edndrome Alcoh\u00f3lico Fetal, Trastorno del Espectro Alcoh\u00f3lico Fetal, Trastorno Reactivo de Vinculaci\u00f3n, Inteligencia L\u00edmite, etc. son f\u00e1cilmente manipulables, tienen dificultades para aceptar la autoridad, distinguir el bien del mal o son propensos a las adicciones, por lo que pueden caer f\u00e1cilmente en conductas delictivas en la adolescencia, juventud y edad adulta.<\/p>\n<p>TOLERANCIA CERO trabaja para dar a aconocer a Jueces, Fiscales y Abogados de estas circunstancias de manera que no se criminalice la discapacidad y sean atendidos, en caso de caer en conductas delictivas, por los programas existentes en las distintas comunidades aut\u00f3nomas para atender a personas con discapacidad mental o intelectual.<\/p>\n<p>TOLERANCIA CERO informa, asesora y da a conocer a los socios la existencia de programas para evitar que las personas con discapacidad cumplan condena en Centros Penitenciarios, pero si esto no es posible, desarrollan acciones y programas individualizados de rehabilitaci\u00f3n, dentro y fuera de la prisi\u00f3n.<\/p>\n<p>TOLERANCIA CERO asesora tambien en procedimientos de incapacitaci\u00f3n, tutela, curatela, etc.<\/p>\n<p>La diferencia entre \u00e9stas dos \u00faltimas se encuentra en que\u00a0la persona sometida a tutela\u00a0carece de capacidad\u00a0y por ello la medida de protecci\u00f3n es la representaci\u00f3n, mientras que\u00a0la persona sometida a curatela\u00a0es capaz,\u00a0pero requiere de un complemento de capacidad.<br \/>\nLa prueba m\u00e9dico forense (historial de la enfermedades que padezca, etc\u00e9tera) ser\u00e1 la que determine si la persona en concreto est\u00e1 afectada o no por una\u00a0incapacidad total y permanente\u00a0que limite funcionalmente la capacidad para regir su persona y administrar sus bienes (Tutela) , o por el contrario, que solo requiera la\u00a0adopci\u00f3n de una serie de medidas\u00a0que complementen la capacidad para que pueda realizar determinados tipos de actos (Curatela).<\/p>\n<h4><\/h4>\n<h4>Asesoramiento sobre Empleo<\/h4>\n<p>TOLERANCIA CERO informa y asesora a las familias socias sobre el acceso a un trabajo remunerado, adecuado a las caracter\u00edsticas personales sus hijos\/as.<\/p>\n<p>TOLERANCIA CERO trabaja para facilitar la integraci\u00f3n laboral de las personas con discapacidad en el mercado ordinario de trabajo.<\/p>\n<p>Los Centros Especiales de Empleo son aquellos cuyo objetivo principal es el de realizar un trabajo productivo, participando regularmente en las operaciones del mercado, y teniendo como finalidad el asegurar un empleo remunerado y la prestaci\u00f3n de servicios de ajuste personal y social que requieran sus trabajadores discapacitados, a la vez que facilitan la integraci\u00f3n laboral de las personas con discapacidad en el mercado ordinario de trabajo.<br \/>\nExisten unos 2.000 Centros Especiales de Empleo (CEE) repartidos por toda la geograf\u00eda espa\u00f1ola. Son empresas productivas que ofrecen a sus clientes diversidad de productos y servicios de alta calidad. Algunas actividades econ\u00f3micas son el manipulado, limpieza, jardiner\u00eda, mensajer\u00eda, publicidad postal, aplicaciones inform\u00e1ticas o artes gr\u00e1ficas entre otras.<\/p>\n<h4><\/h4>\n<h4>Asesoramientos sobre Viviendas tuteladas<\/h4>\n<p>TOLERANCIA CERO asesora sobre viviendas tuteladas destinadas a personas con discapacidad que poseen un grado suficiente de autonom\u00eda, personal, consistente en peque\u00f1as unidades de alojamiento y convivencia ubicadas en edificios o zonas de viviendas normalizadas.<\/p>\n<h4><\/h4>\n<h4>Asesoramiento sobre Ocio y Respiro familiar<\/h4>\n<p>TOLERANCIA CERO organiza:<\/p>\n<ul>\n<li>Campamento de verano para toda la familia, con actividades terap\u00e9uticas, formativas y l\u00fadicas, tanto para los adultos como para los menores.<\/li>\n<li>Jornadas de convivencia.<\/li>\n<li>Celebraci\u00f3n del D\u00eda Mundial del SAF el 9 de Septiembre de cada a\u00f1o.<\/li>\n<\/ul>\n<p>TOLERANCIA CERO tambi\u00e9n informa y asesora c\u00f3mo y d\u00f3nde solicitar el respiro familiar en las distintas Comunidades Aut\u00f3nomas.<\/p>\n<h3><strong>DESCUENTOS<\/strong><\/h3>\n<p>Los socios\/as de <strong>Tolerancia Cero<\/strong> tendr\u00e1n un descuento\u00a0en las<strong> consultas individuales<\/strong> con <strong>Marga Mu\u00f1iz Aguilar,<\/strong>\u00a0as\u00ed como en la plataforma online\u00a0<strong>LA VENTANA<\/strong>.<\/p>\n","protected":false},"excerpt":{"rendered":"<p>GRUPO VIRTUAL DE APOYO EMOCIONAL Las caracter\u00edsticas espec\u00edficas del SAF,TEAF, TA, etc., unido al car\u00e1cter cr\u00f3nico y discapacitante de un elevado porcentaje de los mismos, hace que el apoyo emocional sea fundamental para las familias. Se trata de un espacio de intercambio de experiencias y conocimientos donde las familias pueden compartir estrategias de afrontamiento de [&hellip;]<\/p>\n","protected":false},"author":1,"featured_media":244,"parent":0,"menu_order":0,"comment_status":"closed","ping_status":"closed","template":"","meta":{"jetpack_post_was_ever_published":false,"footnotes":""},"class_list":["post-94","page","type-page","status-publish","has-post-thumbnail","hentry"],"jetpack_sharing_enabled":true,"jetpack_shortlink":"https:\/\/wp.me\/P9arT9-1w","jetpack-related-posts":[{"id":17,"url":"https:\/\/toleranciacero.org.es\/web\/acerca-de\/","url_meta":{"origin":94,"position":0},"title":"Qui\u00e9nes somos","author":"Tolerancia Cero","date":"27\/07\/2017","format":false,"excerpt":"MISI\u00d3N Conseguir diagn\u00f3sticos adecuados y los recursos necesarios para ayudar a los ni\u00f1os, adolescentes y j\u00f3venes cuyas madres consumieron alcohol drogas o tabaco durante el embarazo o\/y sufrieron desnutrici\u00f3n pre y postnatal, abusos, malos tratos, negligencia, etc. puesto que estas experiencias primeras afectan su vida presente y futura, tanto a\u2026","rel":"","context":"Entrada similar","block_context":{"text":"Entrada similar","link":""},"img":{"alt_text":"","src":"https:\/\/i0.wp.com\/toleranciacero.org.es\/web\/wp-content\/uploads\/2017\/07\/UIH.jpg?resize=350%2C200&ssl=1","width":350,"height":200,"srcset":"https:\/\/i0.wp.com\/toleranciacero.org.es\/web\/wp-content\/uploads\/2017\/07\/UIH.jpg?resize=350%2C200&ssl=1 1x, https:\/\/i0.wp.com\/toleranciacero.org.es\/web\/wp-content\/uploads\/2017\/07\/UIH.jpg?resize=525%2C300&ssl=1 1.5x, https:\/\/i0.wp.com\/toleranciacero.org.es\/web\/wp-content\/uploads\/2017\/07\/UIH.jpg?resize=700%2C400&ssl=1 2x"},"classes":[]},{"id":1135,"url":"https:\/\/toleranciacero.org.es\/web\/la-ventana\/","url_meta":{"origin":94,"position":1},"title":"LA VENTANA","author":"Tolerancia cero","date":"19\/01\/2020","format":false,"excerpt":"LA VENTANA es la primera plataforma online en espa\u00f1ol que ofrece formaci\u00f3n, recursos pr\u00e1cticos, acompa\u00f1amiento permanente y apoyo emocional a familias adoptivas, \u00a0acogedoras y colaboradoras as\u00ed como a familias biol\u00f3gicas que quieran mejorar sus habilidades parentales y marentales. \u00bfPor qu\u00e9 LA VENTANA? La ventana es un espacios que nos abre\u2026","rel":"","context":"Entrada similar","block_context":{"text":"Entrada similar","link":""},"img":{"alt_text":"","src":"https:\/\/i0.wp.com\/toleranciacero.org.es\/web\/wp-content\/uploads\/2020\/01\/Captura-de-pantalla-2020-01-19-a-las-08.26.04.png?resize=350%2C200&ssl=1","width":350,"height":200},"classes":[]},{"id":379,"url":"https:\/\/toleranciacero.org.es\/web\/trastornos-de-apego\/","url_meta":{"origin":94,"position":2},"title":"El Trastorno Reactivo de Vinculaci\u00f3n","author":"Tolerancia Cero","date":"08\/09\/2017","format":false,"excerpt":"El primero en desarrollar una teor\u00eda del apego fue John Bowlby . Seg\u00fan esta teor\u00eda, los ni\u00f1os est\u00e1n desde el principio emocionalmente apegados a sus cuidadores, primordialmente la madre, y emocionalmente angustiados cuando son separados de ellos. Seg\u00fan Bowlby, esta conducta est\u00e1 regulada por el sistema nervioso central y est\u00e1\u2026","rel":"","context":"Entrada similar","block_context":{"text":"Entrada similar","link":""},"img":{"alt_text":"","src":"https:\/\/i0.wp.com\/toleranciacero.org.es\/web\/wp-content\/uploads\/2017\/08\/stockvault-child-by-the-road126328.jpg?resize=350%2C200&ssl=1","width":350,"height":200,"srcset":"https:\/\/i0.wp.com\/toleranciacero.org.es\/web\/wp-content\/uploads\/2017\/08\/stockvault-child-by-the-road126328.jpg?resize=350%2C200&ssl=1 1x, https:\/\/i0.wp.com\/toleranciacero.org.es\/web\/wp-content\/uploads\/2017\/08\/stockvault-child-by-the-road126328.jpg?resize=525%2C300&ssl=1 1.5x, https:\/\/i0.wp.com\/toleranciacero.org.es\/web\/wp-content\/uploads\/2017\/08\/stockvault-child-by-the-road126328.jpg?resize=700%2C400&ssl=1 2x"},"classes":[]},{"id":391,"url":"https:\/\/toleranciacero.org.es\/web\/alcohol\/","url_meta":{"origin":94,"position":3},"title":"ALCOHOL","author":"Tolerancia Cero","date":"08\/09\/2017","format":false,"excerpt":"Las consecuencias del consumo de alcohol durante la gestaci\u00f3n se conocen como S\u00edndrome Alcoh\u00f3lico Fetal (SAF). Es importante conocer los efectos de su consumo en el feto en formaci\u00f3n y su posterior repercusi\u00f3n en el aprendizaje escolar, ya que en algunos de los pa\u00edses de origen de ni\u00f1os\/as adoptados, los\u2026","rel":"","context":"Entrada similar","block_context":{"text":"Entrada similar","link":""},"img":{"alt_text":"","src":"https:\/\/i0.wp.com\/toleranciacero.org.es\/web\/wp-content\/uploads\/2017\/09\/alc.jpg?resize=350%2C200&ssl=1","width":350,"height":200,"srcset":"https:\/\/i0.wp.com\/toleranciacero.org.es\/web\/wp-content\/uploads\/2017\/09\/alc.jpg?resize=350%2C200&ssl=1 1x, https:\/\/i0.wp.com\/toleranciacero.org.es\/web\/wp-content\/uploads\/2017\/09\/alc.jpg?resize=525%2C300&ssl=1 1.5x, https:\/\/i0.wp.com\/toleranciacero.org.es\/web\/wp-content\/uploads\/2017\/09\/alc.jpg?resize=700%2C400&ssl=1 2x"},"classes":[]},{"id":398,"url":"https:\/\/toleranciacero.org.es\/web\/la-resiliencia-y-los-efectos-reparatorios-de-la-adopcion\/","url_meta":{"origin":94,"position":4},"title":"La Resiliencia y los Efectos Reparatorios de la Adopci\u00f3n","author":"Tolerancia Cero","date":"08\/09\/2017","format":false,"excerpt":"El t\u00e9rmino resiliencia se usa en ingenier\u00eda para hacer referencia a la capacidad de un material para adquirir su forma inicial despu\u00e9s de someterse a una presi\u00f3n que lo deforme. Al hablar de la resiliencia del ser humano, nos referimos a la capacidad de resistencia frente al sufrimiento que tiene\u2026","rel":"","context":"Entrada similar","block_context":{"text":"Entrada similar","link":""},"img":{"alt_text":"","src":"https:\/\/i0.wp.com\/toleranciacero.org.es\/web\/wp-content\/uploads\/2017\/08\/734.jpg?resize=350%2C200&ssl=1","width":350,"height":200,"srcset":"https:\/\/i0.wp.com\/toleranciacero.org.es\/web\/wp-content\/uploads\/2017\/08\/734.jpg?resize=350%2C200&ssl=1 1x, https:\/\/i0.wp.com\/toleranciacero.org.es\/web\/wp-content\/uploads\/2017\/08\/734.jpg?resize=525%2C300&ssl=1 1.5x, https:\/\/i0.wp.com\/toleranciacero.org.es\/web\/wp-content\/uploads\/2017\/08\/734.jpg?resize=700%2C400&ssl=1 2x"},"classes":[]},{"id":382,"url":"https:\/\/toleranciacero.org.es\/web\/abandono-negligencia-y-maltrato\/","url_meta":{"origin":94,"position":5},"title":"Abandono, Negligencia y Maltrato","author":"Tolerancia Cero","date":"08\/09\/2017","format":false,"excerpt":"S\u00edndrome de estr\u00e9s postraum\u00e1tico. El abandono y el maltrato infantil genera en los ni\u00f1os lo que se conoce como s\u00edndrome de estr\u00e9s postraum\u00e1tico que conlleva una alteraci\u00f3n neuroendocrina de forma cr\u00f3nica. El estr\u00e9s agudo o traum\u00e1tico genera unos niveles muy elevados de cortisol, que da\u00f1an el sistema neuroendocrino encargado de\u2026","rel":"","context":"Entrada similar","block_context":{"text":"Entrada similar","link":""},"img":{"alt_text":"","src":"https:\/\/i0.wp.com\/toleranciacero.org.es\/web\/wp-content\/uploads\/2017\/08\/269.jpg?resize=350%2C200&ssl=1","width":350,"height":200,"srcset":"https:\/\/i0.wp.com\/toleranciacero.org.es\/web\/wp-content\/uploads\/2017\/08\/269.jpg?resize=350%2C200&ssl=1 1x, https:\/\/i0.wp.com\/toleranciacero.org.es\/web\/wp-content\/uploads\/2017\/08\/269.jpg?resize=525%2C300&ssl=1 1.5x, https:\/\/i0.wp.com\/toleranciacero.org.es\/web\/wp-content\/uploads\/2017\/08\/269.jpg?resize=700%2C400&ssl=1 2x"},"classes":[]}],"jetpack_likes_enabled":true,"_links":{"self":[{"href":"https:\/\/toleranciacero.org.es\/web\/wp-json\/wp\/v2\/pages\/94","targetHints":{"allow":["GET"]}}],"collection":[{"href":"https:\/\/toleranciacero.org.es\/web\/wp-json\/wp\/v2\/pages"}],"about":[{"href":"https:\/\/toleranciacero.org.es\/web\/wp-json\/wp\/v2\/types\/page"}],"author":[{"embeddable":true,"href":"https:\/\/toleranciacero.org.es\/web\/wp-json\/wp\/v2\/users\/1"}],"replies":[{"embeddable":true,"href":"https:\/\/toleranciacero.org.es\/web\/wp-json\/wp\/v2\/comments?post=94"}],"version-history":[{"count":14,"href":"https:\/\/toleranciacero.org.es\/web\/wp-json\/wp\/v2\/pages\/94\/revisions"}],"predecessor-version":[{"id":1145,"href":"https:\/\/toleranciacero.org.es\/web\/wp-json\/wp\/v2\/pages\/94\/revisions\/1145"}],"wp:featuredmedia":[{"embeddable":true,"href":"https:\/\/toleranciacero.org.es\/web\/wp-json\/wp\/v2\/media\/244"}],"wp:attachment":[{"href":"https:\/\/toleranciacero.org.es\/web\/wp-json\/wp\/v2\/media?parent=94"}],"curies":[{"name":"wp","href":"https:\/\/api.w.org\/{rel}","templated":true}]}}